{"id":160,"date":"2024-02-28T20:54:20","date_gmt":"2024-02-28T20:54:20","guid":{"rendered":"https:\/\/medicalwincrange.lu\/?page_id=160"},"modified":"2024-05-18T14:22:06","modified_gmt":"2024-05-18T14:22:06","slug":"informations-utiles","status":"publish","type":"page","link":"https:\/\/medicalwincrange.lu\/pt\/informations-utiles\/","title":{"rendered":"Informa\u00e7\u00f5es \u00dateis"},"content":{"rendered":"<div data-elementor-type=\"wp-page\" data-elementor-id=\"160\" class=\"elementor elementor-160\" data-elementor-post-type=\"page\">\n\t\t\t\t\t\t<section class=\"elementor-section elementor-top-section elementor-element elementor-element-b5d17ba elementor-section-height-min-height elementor-section-boxed elementor-section-height-default elementor-section-items-middle\" data-id=\"b5d17ba\" data-element_type=\"section\" data-e-type=\"section\" data-settings=\"{&quot;background_background&quot;:&quot;classic&quot;}\">\n\t\t\t\t\t\t\t<div class=\"elementor-background-overlay\"><\/div>\n\t\t\t\t\t\t\t<div class=\"elementor-container elementor-column-gap-default\">\n\t\t\t\t\t<div class=\"elementor-column elementor-col-100 elementor-top-column elementor-element elementor-element-b157a1f\" data-id=\"b157a1f\" data-element_type=\"column\" data-e-type=\"column\">\n\t\t\t<div class=\"elementor-widget-wrap elementor-element-populated\">\n\t\t\t\t\t\t<div class=\"elementor-element elementor-element-bf58cd7 elementor-widget elementor-widget-heading\" data-id=\"bf58cd7\" data-element_type=\"widget\" data-e-type=\"widget\" data-widget_type=\"heading.default\">\n\t\t\t\t<div class=\"elementor-widget-container\">\n\t\t\t\t\t<h1 class=\"elementor-heading-title elementor-size-default\">Informa\u00e7\u00f5es \u00dateis<\/h1>\t\t\t\t<\/div>\n\t\t\t\t<\/div>\n\t\t\t\t\t<\/div>\n\t\t<\/div>\n\t\t\t\t\t<\/div>\n\t\t<\/section>\n\t\t\t\t<section class=\"elementor-section elementor-top-section elementor-element elementor-element-2155e58d elementor-section-boxed elementor-section-height-default elementor-section-height-default\" data-id=\"2155e58d\" data-element_type=\"section\" data-e-type=\"section\">\n\t\t\t\t\t\t<div class=\"elementor-container elementor-column-gap-default\">\n\t\t\t\t\t<div class=\"elementor-column elementor-col-100 elementor-top-column elementor-element elementor-element-5f1baf40\" data-id=\"5f1baf40\" data-element_type=\"column\" data-e-type=\"column\">\n\t\t\t<div class=\"elementor-widget-wrap elementor-element-populated\">\n\t\t\t\t\t\t<div class=\"elementor-element elementor-element-3e33f0d1 elementor-widget elementor-widget-elementskit-blog-posts\" data-id=\"3e33f0d1\" data-element_type=\"widget\" data-e-type=\"widget\" data-widget_type=\"elementskit-blog-posts.default\">\n\t\t\t\t<div class=\"elementor-widget-container\">\n\t\t\t\t\t<div class=\"ekit-wid-con\" >        <div id=\"post-items--3e33f0d1\" class=\"row post-items\">\n                    <div class=\"col-lg-4 col-md-6\">\n\n                                    <div class=\"elementskit-post-card\">\n                        <div class=\"elementskit-entry-header\">\n                            \n                            \n\t\t\t\t\t\t\t\n\t\t\t\t\t\t\t\t\t\t\t\t\t\t\t\t\t\t\t\t\t\t\t\t\t\n\t\t\t\t\t\t\t\t\n\t\t\t\t\t\t\t\t\t\t\t\t\t\t\t\t\t\t\t\t\t<h2 class=\"entry-title\">\n\t\t\t\t\t<a href=\"https:\/\/medicalwincrange.lu\/pt\/2024\/04\/27\/saviez-vous-que-vous-pouvez-desormais-envoyer-votre-certificat-dincapacite-de-travail-par-e-mail\/\">\n\t\t\t\t\t\tSabia que agora pode enviar o seu Certificado de Incapacidade para o Trabalho por e-mail?\t\t\t\t\t<\/a>\n\t\t\t\t<\/h2>\n\t\t\t\n\t\t\t\t\t\t\t\t\t\t\t\t\t\t\t\t\t\t\t<span class=\"elementskit-border-hr\"><\/span>\n\t\t\t\t\t\t\t\t\t\t\t\t\t\t\t\t\t\t\t\t\t\t\t\t\t\t\t\t\t\t<\/div><!-- .elementskit-entry-header END -->\n\n\t\t\t\t\t\t<div class=\"elementskit-post-body\">\n\t\t\t\t\t\t\t\t\t\t\t\t\t\t\t\t\t\t\t\t\t\t\t\t\t\t\t\t\t\t\t<p>Saviez-vous que vous pouvez d\u00e9sormais envoyer votre certificat d\u2019incapacit\u00e9 de travail via le site de la CNS ! D\u00e9sormais, vous&hellip;<\/p>\n\t\t\t\t\t\t\t\t\t\t\t\t\t\t\t\t\t\t\t\t\t\t                                                            <div class=\"btn-wraper\">\n                                    \n                                                                            <a class=\"elementskit-btn whitespace--normal\" id=\"\" href=\"https:\/\/medicalwincrange.lu\/pt\/2024\/04\/27\/saviez-vous-que-vous-pouvez-desormais-envoyer-votre-certificat-dincapacite-de-travail-par-e-mail\/\">\n                                        \t                                            SABER MAIS                                        <\/a>\n                                                                    <\/div>\n                                                    <\/div><!-- .elementskit-post-body END -->\n                    <\/div>\n                \n            <\/div>\n                    <div class=\"col-lg-4 col-md-6\">\n\n                                    <div class=\"elementskit-post-card\">\n                        <div class=\"elementskit-entry-header\">\n                            \n                            \n\t\t\t\t\t\t\t\n\t\t\t\t\t\t\t\t\t\t\t\t\t\t\t\t\t\t\t\t\t\t\t\t\t\n\t\t\t\t\t\t\t\t\n\t\t\t\t\t\t\t\t\t\t\t\t\t\t\t\t\t\t\t\t\t<h2 class=\"entry-title\">\n\t\t\t\t\t<a href=\"https:\/\/medicalwincrange.lu\/pt\/2024\/04\/27\/decouvrez-la-nouvelle-adresse-cns\/\">\n\t\t\t\t\t\tDescubra o novo endere\u00e7o da CNS!\t\t\t\t\t<\/a>\n\t\t\t\t<\/h2>\n\t\t\t\n\t\t\t\t\t\t\t\t\t\t\t\t\t\t\t\t\t\t\t<span class=\"elementskit-border-hr\"><\/span>\n\t\t\t\t\t\t\t\t\t\t\t\t\t\t\t\t\t\t\t\t\t\t\t\t\t\t\t\t\t\t<\/div><!-- .elementskit-entry-header END -->\n\n\t\t\t\t\t\t<div class=\"elementskit-post-body\">\n\t\t\t\t\t\t\t\t\t\t\t\t\t\t\t\t\t\t\t\t\t\t\t\t\t\t\t\t\t\t\t<p>Descubra o novo endere\u00e7o da CNS! A partir de 1 de janeiro de 2024, o endere\u00e7o para correspond\u00eancia com a CNS mudou.\u2026<\/p>\n\t\t\t\t\t\t\t\t\t\t\t\t\t\t\t\t\t\t\t\t\t\t                                                            <div class=\"btn-wraper\">\n                                    \n                                                                            <a class=\"elementskit-btn whitespace--normal\" id=\"\" href=\"https:\/\/medicalwincrange.lu\/pt\/2024\/04\/27\/decouvrez-la-nouvelle-adresse-cns\/\">\n                                        \t                                            SABER MAIS                                        <\/a>\n                                                                    <\/div>\n                                                    <\/div><!-- .elementskit-post-body END -->\n                    <\/div>\n                \n            <\/div>\n                    <div class=\"col-lg-4 col-md-6\">\n\n                                    <div class=\"elementskit-post-card\">\n                        <div class=\"elementskit-entry-header\">\n                            \n                            \n\t\t\t\t\t\t\t\n\t\t\t\t\t\t\t\t\t\t\t\t\t\t\t\t\t\t\t\t\t\t\t\t\t\n\t\t\t\t\t\t\t\t\n\t\t\t\t\t\t\t\t\t\t\t\t\t\t\t\t\t\t\t\t\t<h2 class=\"entry-title\">\n\t\t\t\t\t<a href=\"https:\/\/medicalwincrange.lu\/pt\/2024\/04\/27\/decouvrez-la-duree-de-validite-de-vos-ordonnances-medicales\/\">\n\t\t\t\t\t\tDescubra a validade das suas prescri\u00e7\u00f5es m\u00e9dicas!\t\t\t\t\t<\/a>\n\t\t\t\t<\/h2>\n\t\t\t\n\t\t\t\t\t\t\t\t\t\t\t\t\t\t\t\t\t\t\t<span class=\"elementskit-border-hr\"><\/span>\n\t\t\t\t\t\t\t\t\t\t\t\t\t\t\t\t\t\t\t\t\t\t\t\t\t\t\t\t\t\t<\/div><!-- .elementskit-entry-header END -->\n\n\t\t\t\t\t\t<div class=\"elementskit-post-body\">\n\t\t\t\t\t\t\t\t\t\t\t\t\t\t\t\t\t\t\t\t\t\t\t\t\t\t\t\t\t\t\t<p>Descubra a dura\u00e7\u00e3o da validade das suas receitas m\u00e9dicas! Sabia que a validade das receitas m\u00e9dicas varia consoante o\u2026<\/p>\n\t\t\t\t\t\t\t\t\t\t\t\t\t\t\t\t\t\t\t\t\t\t                                                            <div class=\"btn-wraper\">\n                                    \n                                                                            <a class=\"elementskit-btn whitespace--normal\" id=\"\" href=\"https:\/\/medicalwincrange.lu\/pt\/2024\/04\/27\/decouvrez-la-duree-de-validite-de-vos-ordonnances-medicales\/\">\n                                        \t                                            SABER MAIS                                        <\/a>\n                                                                    <\/div>\n                                                    <\/div><!-- .elementskit-post-body END -->\n                    <\/div>\n                \n            <\/div>\n                <\/div>\n       <\/div>\t\t\t\t<\/div>\n\t\t\t\t<\/div>\n\t\t\t\t\t<\/div>\n\t\t<\/div>\n\t\t\t\t\t<\/div>\n\t\t<\/section>\n\t\t\t\t<\/div>","protected":false},"excerpt":{"rendered":"<p>Informations Utiles Saviez-vous que vous pouvez d\u00e9sormais envoyer votre Certificat d&#8217;Incapacit\u00e9 de Travail par e-mail? Saviez-vous que vous pouvez d\u00e9sormais envoyer votre Certificat d&#8217;Incapacit\u00e9 de Travail par e-mail ? D\u00e9sormais, vous pouvez envoyer votre Certificat&hellip; EN SAVOIR PLUS D\u00e9couvrez la nouvelle adresse CNS! D\u00e9couvrez la nouvelle adresse CNS! \u00c0 partir du 1er janvier 2024, l&#8217;adresse [&hellip;]<\/p>\n","protected":false},"author":1,"featured_media":360,"parent":0,"menu_order":0,"comment_status":"closed","ping_status":"closed","template":"","meta":{"footnotes":""},"class_list":["post-160","page","type-page","status-publish","has-post-thumbnail","hentry"],"yoast_head":"<!-- This site is optimized with the Yoast SEO plugin v27.3 - https:\/\/yoast.com\/product\/yoast-seo-wordpress\/ -->\n<title>Informations Utiles - M\u00e9dical Wincrange \u00ae<\/title>\n<meta name=\"description\" content=\"Bienvenue sur notre page d&#039;Informations Utiles. Cette section est d\u00e9di\u00e9e \u00e0 vous fournir toutes les informations pratiques dont vous pourriez avoir besoin.\" \/>\n<meta name=\"robots\" content=\"index, follow, max-snippet:-1, max-image-preview:large, max-video-preview:-1\" \/>\n<link rel=\"canonical\" href=\"https:\/\/medicalwincrange.lu\/pt\/informations-utiles\/\" \/>\n<meta property=\"og:locale\" content=\"pt_PT\" \/>\n<meta property=\"og:type\" content=\"article\" \/>\n<meta property=\"og:title\" content=\"Informations Utiles - M\u00e9dical Wincrange \u00ae\" \/>\n<meta property=\"og:description\" content=\"Bienvenue sur notre page d&#039;Informations Utiles. Cette section est d\u00e9di\u00e9e \u00e0 vous fournir toutes les informations pratiques dont vous pourriez avoir besoin.\" \/>\n<meta property=\"og:url\" content=\"https:\/\/medicalwincrange.lu\/pt\/informations-utiles\/\" \/>\n<meta property=\"og:site_name\" content=\"M\u00e9dical Wincrange \u00ae\" \/>\n<meta property=\"article:modified_time\" content=\"2024-05-18T14:22:06+00:00\" \/>\n<meta property=\"og:image\" content=\"https:\/\/medicalwincrange.lu\/wp-content\/uploads\/2024\/03\/0cb609d0-0df3-4c88-bf7b-87ab61472409.jpeg\" \/>\n\t<meta property=\"og:image:width\" content=\"1600\" \/>\n\t<meta property=\"og:image:height\" content=\"1066\" \/>\n\t<meta property=\"og:image:type\" content=\"image\/jpeg\" \/>\n<meta name=\"twitter:card\" content=\"summary_large_image\" \/>\n<meta name=\"twitter:label1\" content=\"Tempo estimado de leitura\" \/>\n\t<meta name=\"twitter:data1\" content=\"1 minuto\" \/>\n<script type=\"application\/ld+json\" class=\"yoast-schema-graph\">{\"@context\":\"https:\\\/\\\/schema.org\",\"@graph\":[{\"@type\":\"WebPage\",\"@id\":\"https:\\\/\\\/medicalwincrange.lu\\\/informations-utiles\\\/\",\"url\":\"https:\\\/\\\/medicalwincrange.lu\\\/informations-utiles\\\/\",\"name\":\"Informations Utiles - M\u00e9dical Wincrange \u00ae\",\"isPartOf\":{\"@id\":\"https:\\\/\\\/medicalwincrange.lu\\\/#website\"},\"primaryImageOfPage\":{\"@id\":\"https:\\\/\\\/medicalwincrange.lu\\\/informations-utiles\\\/#primaryimage\"},\"image\":{\"@id\":\"https:\\\/\\\/medicalwincrange.lu\\\/informations-utiles\\\/#primaryimage\"},\"thumbnailUrl\":\"https:\\\/\\\/medicalwincrange.lu\\\/wp-content\\\/uploads\\\/2024\\\/03\\\/0cb609d0-0df3-4c88-bf7b-87ab61472409.jpeg\",\"datePublished\":\"2024-02-28T20:54:20+00:00\",\"dateModified\":\"2024-05-18T14:22:06+00:00\",\"description\":\"Bienvenue sur notre page d'Informations Utiles. Cette section est d\u00e9di\u00e9e \u00e0 vous fournir toutes les informations pratiques dont vous pourriez avoir besoin.\",\"breadcrumb\":{\"@id\":\"https:\\\/\\\/medicalwincrange.lu\\\/informations-utiles\\\/#breadcrumb\"},\"inLanguage\":\"pt-PT\",\"potentialAction\":[{\"@type\":\"ReadAction\",\"target\":[\"https:\\\/\\\/medicalwincrange.lu\\\/informations-utiles\\\/\"]}]},{\"@type\":\"ImageObject\",\"inLanguage\":\"pt-PT\",\"@id\":\"https:\\\/\\\/medicalwincrange.lu\\\/informations-utiles\\\/#primaryimage\",\"url\":\"https:\\\/\\\/medicalwincrange.lu\\\/wp-content\\\/uploads\\\/2024\\\/03\\\/0cb609d0-0df3-4c88-bf7b-87ab61472409.jpeg\",\"contentUrl\":\"https:\\\/\\\/medicalwincrange.lu\\\/wp-content\\\/uploads\\\/2024\\\/03\\\/0cb609d0-0df3-4c88-bf7b-87ab61472409.jpeg\",\"width\":1600,\"height\":1066,\"caption\":\"M\u00e9dical Wincrange Exam6\"},{\"@type\":\"BreadcrumbList\",\"@id\":\"https:\\\/\\\/medicalwincrange.lu\\\/informations-utiles\\\/#breadcrumb\",\"itemListElement\":[{\"@type\":\"ListItem\",\"position\":1,\"name\":\"In\u00edcio\",\"item\":\"https:\\\/\\\/medicalwincrange.lu\\\/\"},{\"@type\":\"ListItem\",\"position\":2,\"name\":\"Informations Utiles\"}]},{\"@type\":\"WebSite\",\"@id\":\"https:\\\/\\\/medicalwincrange.lu\\\/#website\",\"url\":\"https:\\\/\\\/medicalwincrange.lu\\\/\",\"name\":\"M\u00e9dical Wincrange \u00ae\",\"description\":\"\",\"publisher\":{\"@id\":\"https:\\\/\\\/medicalwincrange.lu\\\/#organization\"},\"potentialAction\":[{\"@type\":\"SearchAction\",\"target\":{\"@type\":\"EntryPoint\",\"urlTemplate\":\"https:\\\/\\\/medicalwincrange.lu\\\/?s={search_term_string}\"},\"query-input\":{\"@type\":\"PropertyValueSpecification\",\"valueRequired\":true,\"valueName\":\"search_term_string\"}}],\"inLanguage\":\"pt-PT\"},{\"@type\":\"Organization\",\"@id\":\"https:\\\/\\\/medicalwincrange.lu\\\/#organization\",\"name\":\"M\u00e9dical Wincrange \u00ae\",\"url\":\"https:\\\/\\\/medicalwincrange.lu\\\/\",\"logo\":{\"@type\":\"ImageObject\",\"inLanguage\":\"pt-PT\",\"@id\":\"https:\\\/\\\/medicalwincrange.lu\\\/#\\\/schema\\\/logo\\\/image\\\/\",\"url\":\"https:\\\/\\\/medicalwincrange.lu\\\/wp-content\\\/uploads\\\/2024\\\/02\\\/Logo-5.png\",\"contentUrl\":\"https:\\\/\\\/medicalwincrange.lu\\\/wp-content\\\/uploads\\\/2024\\\/02\\\/Logo-5.png\",\"width\":4199,\"height\":834,\"caption\":\"M\u00e9dical Wincrange \u00ae\"},\"image\":{\"@id\":\"https:\\\/\\\/medicalwincrange.lu\\\/#\\\/schema\\\/logo\\\/image\\\/\"}}]}<\/script>\n<!-- \/ Yoast SEO plugin. -->","yoast_head_json":{"title":"Informations Utiles - M\u00e9dical Wincrange \u00ae","description":"Bienvenue sur notre page d'Informations Utiles. Cette section est d\u00e9di\u00e9e \u00e0 vous fournir toutes les informations pratiques dont vous pourriez avoir besoin.","robots":{"index":"index","follow":"follow","max-snippet":"max-snippet:-1","max-image-preview":"max-image-preview:large","max-video-preview":"max-video-preview:-1"},"canonical":"https:\/\/medicalwincrange.lu\/pt\/informations-utiles\/","og_locale":"pt_PT","og_type":"article","og_title":"Informations Utiles - M\u00e9dical Wincrange \u00ae","og_description":"Bienvenue sur notre page d'Informations Utiles. Cette section est d\u00e9di\u00e9e \u00e0 vous fournir toutes les informations pratiques dont vous pourriez avoir besoin.","og_url":"https:\/\/medicalwincrange.lu\/pt\/informations-utiles\/","og_site_name":"M\u00e9dical Wincrange \u00ae","article_modified_time":"2024-05-18T14:22:06+00:00","og_image":[{"width":1600,"height":1066,"url":"https:\/\/medicalwincrange.lu\/wp-content\/uploads\/2024\/03\/0cb609d0-0df3-4c88-bf7b-87ab61472409.jpeg","type":"image\/jpeg"}],"twitter_card":"summary_large_image","twitter_misc":{"Tempo estimado de leitura":"1 minuto"},"schema":{"@context":"https:\/\/schema.org","@graph":[{"@type":"WebPage","@id":"https:\/\/medicalwincrange.lu\/informations-utiles\/","url":"https:\/\/medicalwincrange.lu\/informations-utiles\/","name":"Informations Utiles - M\u00e9dical Wincrange \u00ae","isPartOf":{"@id":"https:\/\/medicalwincrange.lu\/#website"},"primaryImageOfPage":{"@id":"https:\/\/medicalwincrange.lu\/informations-utiles\/#primaryimage"},"image":{"@id":"https:\/\/medicalwincrange.lu\/informations-utiles\/#primaryimage"},"thumbnailUrl":"https:\/\/medicalwincrange.lu\/wp-content\/uploads\/2024\/03\/0cb609d0-0df3-4c88-bf7b-87ab61472409.jpeg","datePublished":"2024-02-28T20:54:20+00:00","dateModified":"2024-05-18T14:22:06+00:00","description":"Bienvenue sur notre page d'Informations Utiles. Cette section est d\u00e9di\u00e9e \u00e0 vous fournir toutes les informations pratiques dont vous pourriez avoir besoin.","breadcrumb":{"@id":"https:\/\/medicalwincrange.lu\/informations-utiles\/#breadcrumb"},"inLanguage":"pt-PT","potentialAction":[{"@type":"ReadAction","target":["https:\/\/medicalwincrange.lu\/informations-utiles\/"]}]},{"@type":"ImageObject","inLanguage":"pt-PT","@id":"https:\/\/medicalwincrange.lu\/informations-utiles\/#primaryimage","url":"https:\/\/medicalwincrange.lu\/wp-content\/uploads\/2024\/03\/0cb609d0-0df3-4c88-bf7b-87ab61472409.jpeg","contentUrl":"https:\/\/medicalwincrange.lu\/wp-content\/uploads\/2024\/03\/0cb609d0-0df3-4c88-bf7b-87ab61472409.jpeg","width":1600,"height":1066,"caption":"M\u00e9dical Wincrange Exam6"},{"@type":"BreadcrumbList","@id":"https:\/\/medicalwincrange.lu\/informations-utiles\/#breadcrumb","itemListElement":[{"@type":"ListItem","position":1,"name":"In\u00edcio","item":"https:\/\/medicalwincrange.lu\/"},{"@type":"ListItem","position":2,"name":"Informations Utiles"}]},{"@type":"WebSite","@id":"https:\/\/medicalwincrange.lu\/#website","url":"https:\/\/medicalwincrange.lu\/","name":"M\u00e9dical Wincrange \u00ae","description":"","publisher":{"@id":"https:\/\/medicalwincrange.lu\/#organization"},"potentialAction":[{"@type":"SearchAction","target":{"@type":"EntryPoint","urlTemplate":"https:\/\/medicalwincrange.lu\/?s={search_term_string}"},"query-input":{"@type":"PropertyValueSpecification","valueRequired":true,"valueName":"search_term_string"}}],"inLanguage":"pt-PT"},{"@type":"Organization","@id":"https:\/\/medicalwincrange.lu\/#organization","name":"M\u00e9dical Wincrange \u00ae","url":"https:\/\/medicalwincrange.lu\/","logo":{"@type":"ImageObject","inLanguage":"pt-PT","@id":"https:\/\/medicalwincrange.lu\/#\/schema\/logo\/image\/","url":"https:\/\/medicalwincrange.lu\/wp-content\/uploads\/2024\/02\/Logo-5.png","contentUrl":"https:\/\/medicalwincrange.lu\/wp-content\/uploads\/2024\/02\/Logo-5.png","width":4199,"height":834,"caption":"M\u00e9dical Wincrange \u00ae"},"image":{"@id":"https:\/\/medicalwincrange.lu\/#\/schema\/logo\/image\/"}}]}},"_links":{"self":[{"href":"https:\/\/medicalwincrange.lu\/pt\/wp-json\/wp\/v2\/pages\/160","targetHints":{"allow":["GET"]}}],"collection":[{"href":"https:\/\/medicalwincrange.lu\/pt\/wp-json\/wp\/v2\/pages"}],"about":[{"href":"https:\/\/medicalwincrange.lu\/pt\/wp-json\/wp\/v2\/types\/page"}],"author":[{"embeddable":true,"href":"https:\/\/medicalwincrange.lu\/pt\/wp-json\/wp\/v2\/users\/1"}],"replies":[{"embeddable":true,"href":"https:\/\/medicalwincrange.lu\/pt\/wp-json\/wp\/v2\/comments?post=160"}],"version-history":[{"count":26,"href":"https:\/\/medicalwincrange.lu\/pt\/wp-json\/wp\/v2\/pages\/160\/revisions"}],"predecessor-version":[{"id":728,"href":"https:\/\/medicalwincrange.lu\/pt\/wp-json\/wp\/v2\/pages\/160\/revisions\/728"}],"wp:featuredmedia":[{"embeddable":true,"href":"https:\/\/medicalwincrange.lu\/pt\/wp-json\/wp\/v2\/media\/360"}],"wp:attachment":[{"href":"https:\/\/medicalwincrange.lu\/pt\/wp-json\/wp\/v2\/media?parent=160"}],"curies":[{"name":"wp","href":"https:\/\/api.w.org\/{rel}","templated":true}]}}