{"id":163,"date":"2024-02-28T20:54:50","date_gmt":"2024-02-28T20:54:50","guid":{"rendered":"https:\/\/medicalwincrange.lu\/?page_id=163"},"modified":"2024-05-27T16:37:34","modified_gmt":"2024-05-27T16:37:34","slug":"contacts","status":"publish","type":"page","link":"https:\/\/medicalwincrange.lu\/pt\/contacts\/","title":{"rendered":"Contactos"},"content":{"rendered":"<div data-elementor-type=\"wp-page\" data-elementor-id=\"163\" class=\"elementor elementor-163\" data-elementor-post-type=\"page\">\n\t\t\t\t\t\t<section class=\"elementor-section elementor-top-section elementor-element elementor-element-630c7ff elementor-section-height-min-height elementor-section-boxed elementor-section-height-default elementor-section-items-middle\" data-id=\"630c7ff\" data-element_type=\"section\" data-e-type=\"section\" data-settings=\"{&quot;background_background&quot;:&quot;classic&quot;}\">\n\t\t\t\t\t\t\t<div class=\"elementor-background-overlay\"><\/div>\n\t\t\t\t\t\t\t<div class=\"elementor-container elementor-column-gap-default\">\n\t\t\t\t\t<div class=\"elementor-column elementor-col-100 elementor-top-column elementor-element elementor-element-b3dcc96\" data-id=\"b3dcc96\" data-element_type=\"column\" data-e-type=\"column\">\n\t\t\t<div class=\"elementor-widget-wrap elementor-element-populated\">\n\t\t\t\t\t\t<div class=\"elementor-element elementor-element-169b018 elementor-widget elementor-widget-heading\" data-id=\"169b018\" data-element_type=\"widget\" data-e-type=\"widget\" data-widget_type=\"heading.default\">\n\t\t\t\t<div class=\"elementor-widget-container\">\n\t\t\t\t\t<h1 class=\"elementor-heading-title elementor-size-default\">Contactos<\/h1>\t\t\t\t<\/div>\n\t\t\t\t<\/div>\n\t\t\t\t\t<\/div>\n\t\t<\/div>\n\t\t\t\t\t<\/div>\n\t\t<\/section>\n\t\t\t\t<section class=\"elementor-section elementor-top-section elementor-element elementor-element-f80ef85 elementor-section-boxed elementor-section-height-default elementor-section-height-default\" data-id=\"f80ef85\" data-element_type=\"section\" data-e-type=\"section\">\n\t\t\t\t\t\t<div class=\"elementor-container elementor-column-gap-default\">\n\t\t\t\t\t<div class=\"elementor-column elementor-col-50 elementor-top-column elementor-element elementor-element-374d1106\" data-id=\"374d1106\" data-element_type=\"column\" data-e-type=\"column\">\n\t\t\t<div class=\"elementor-widget-wrap elementor-element-populated\">\n\t\t\t\t\t\t<div class=\"elementor-element elementor-element-34b72d97 elementor-hidden-mobile elementor-widget elementor-widget-heading\" data-id=\"34b72d97\" data-element_type=\"widget\" data-e-type=\"widget\" data-widget_type=\"heading.default\">\n\t\t\t\t<div class=\"elementor-widget-container\">\n\t\t\t\t\t<h2 class=\"elementor-heading-title elementor-size-default\">Contactos<\/h2>\t\t\t\t<\/div>\n\t\t\t\t<\/div>\n\t\t\t\t<div class=\"elementor-element elementor-element-daf6072 elementor-widget elementor-widget-icon-box\" data-id=\"daf6072\" data-element_type=\"widget\" data-e-type=\"widget\" data-widget_type=\"icon-box.default\">\n\t\t\t\t<div class=\"elementor-widget-container\">\n\t\t\t\t\t\t\t<div class=\"elementor-icon-box-wrapper\">\n\n\t\t\t\n\t\t\t\t\t\t<div class=\"elementor-icon-box-content\">\n\n\t\t\t\t\t\t\t\t\t<h3 class=\"elementor-icon-box-title\">\n\t\t\t\t\t\t<span  >\n\t\t\t\t\t\t\tHor\u00e1rios\t\t\t\t\t\t<\/span>\n\t\t\t\t\t<\/h3>\n\t\t\t\t\n\t\t\t\t\t\t\t\t\t<p class=\"elementor-icon-box-description\">\n\t\t\t\t\t\t<b>08h - 12h:<\/b> de segunda a sexta-feira<br>\n<b>15h - 18h: <\/b> nas segundas, quartas e sextas-feiras<br>\n<b>14h - 17h: <\/b>nas ter\u00e7as-feiras<br>\n\n<b>Na quinta-feira \u00e0 tarde: <\/b> o nosso consult\u00f3rio encontra-se fechado\t\t\t\t\t<\/p>\n\t\t\t\t\n\t\t\t<\/div>\n\t\t\t\n\t\t<\/div>\n\t\t\t\t\t\t<\/div>\n\t\t\t\t<\/div>\n\t\t\t\t<section class=\"elementor-section elementor-inner-section elementor-element elementor-element-7892e79d elementor-section-boxed elementor-section-height-default elementor-section-height-default\" data-id=\"7892e79d\" data-element_type=\"section\" data-e-type=\"section\">\n\t\t\t\t\t\t<div class=\"elementor-container elementor-column-gap-default\">\n\t\t\t\t\t<div class=\"elementor-column elementor-col-100 elementor-inner-column elementor-element elementor-element-3b494525\" data-id=\"3b494525\" data-element_type=\"column\" data-e-type=\"column\">\n\t\t\t<div class=\"elementor-widget-wrap elementor-element-populated\">\n\t\t\t\t\t\t<div class=\"elementor-element elementor-element-17f51cb6 elementor-view-stacked elementor-shape-square elementor-position-inline-start elementor-mobile-position-block-start elementor-widget elementor-widget-icon-box\" data-id=\"17f51cb6\" data-element_type=\"widget\" data-e-type=\"widget\" data-widget_type=\"icon-box.default\">\n\t\t\t\t<div class=\"elementor-widget-container\">\n\t\t\t\t\t\t\t<div class=\"elementor-icon-box-wrapper\">\n\n\t\t\t\t\t\t<div class=\"elementor-icon-box-icon\">\n\t\t\t\t<span  class=\"elementor-icon\">\n\t\t\t\t<svg aria-hidden=\"true\" class=\"e-font-icon-svg e-fas-phone-alt\" viewbox=\"0 0 512 512\" xmlns=\"http:\/\/www.w3.org\/2000\/svg\"><path d=\"M497.39 361.8l-112-48a24 24 0 0 0-28 6.9l-49.6 60.6A370.66 370.66 0 0 1 130.6 204.11l60.6-49.6a23.94 23.94 0 0 0 6.9-28l-48-112A24.16 24.16 0 0 0 122.6.61l-104 24A24 24 0 0 0 0 48c0 256.5 207.9 464 464 464a24 24 0 0 0 23.4-18.6l24-104a24.29 24.29 0 0 0-14.01-27.6z\"><\/path><\/svg>\t\t\t\t<\/span>\n\t\t\t<\/div>\n\t\t\t\n\t\t\t\t\t\t<div class=\"elementor-icon-box-content\">\n\n\t\t\t\t\t\t\t\t\t<h3 class=\"elementor-icon-box-title\">\n\t\t\t\t\t\t<span  >\n\t\t\t\t\t\t\tTelefone\t\t\t\t\t\t<\/span>\n\t\t\t\t\t<\/h3>\n\t\t\t\t\n\t\t\t\t\t\t\t\t\t<p class=\"elementor-icon-box-description\">\n\t\t\t\t\t\t+352 26 91 45 62\t\t\t\t\t<\/p>\n\t\t\t\t\n\t\t\t<\/div>\n\t\t\t\n\t\t<\/div>\n\t\t\t\t\t\t<\/div>\n\t\t\t\t<\/div>\n\t\t\t\t<div class=\"elementor-element elementor-element-67fdc4b8 elementor-view-stacked elementor-shape-square elementor-position-inline-start elementor-mobile-position-block-start elementor-widget elementor-widget-icon-box\" data-id=\"67fdc4b8\" data-element_type=\"widget\" data-e-type=\"widget\" data-widget_type=\"icon-box.default\">\n\t\t\t\t<div class=\"elementor-widget-container\">\n\t\t\t\t\t\t\t<div class=\"elementor-icon-box-wrapper\">\n\n\t\t\t\t\t\t<div class=\"elementor-icon-box-icon\">\n\t\t\t\t<span  class=\"elementor-icon\">\n\t\t\t\t<svg aria-hidden=\"true\" class=\"e-font-icon-svg e-fas-fax\" viewbox=\"0 0 512 512\" xmlns=\"http:\/\/www.w3.org\/2000\/svg\"><path d=\"M480 160V77.25a32 32 0 0 0-9.38-22.63L425.37 9.37A32 32 0 0 0 402.75 0H160a32 32 0 0 0-32 32v448a32 32 0 0 0 32 32h320a32 32 0 0 0 32-32V192a32 32 0 0 0-32-32zM288 432a16 16 0 0 1-16 16h-32a16 16 0 0 1-16-16v-32a16 16 0 0 1 16-16h32a16 16 0 0 1 16 16zm0-128a16 16 0 0 1-16 16h-32a16 16 0 0 1-16-16v-32a16 16 0 0 1 16-16h32a16 16 0 0 1 16 16zm128 128a16 16 0 0 1-16 16h-32a16 16 0 0 1-16-16v-32a16 16 0 0 1 16-16h32a16 16 0 0 1 16 16zm0-128a16 16 0 0 1-16 16h-32a16 16 0 0 1-16-16v-32a16 16 0 0 1 16-16h32a16 16 0 0 1 16 16zm0-112H192V64h160v48a16 16 0 0 0 16 16h48zM64 128H32a32 32 0 0 0-32 32v320a32 32 0 0 0 32 32h32a32 32 0 0 0 32-32V160a32 32 0 0 0-32-32z\"><\/path><\/svg>\t\t\t\t<\/span>\n\t\t\t<\/div>\n\t\t\t\n\t\t\t\t\t\t<div class=\"elementor-icon-box-content\">\n\n\t\t\t\t\t\t\t\t\t<h3 class=\"elementor-icon-box-title\">\n\t\t\t\t\t\t<span  >\n\t\t\t\t\t\t\tFax\t\t\t\t\t\t<\/span>\n\t\t\t\t\t<\/h3>\n\t\t\t\t\n\t\t\t\t\t\t\t\t\t<p class=\"elementor-icon-box-description\">\n\t\t\t\t\t\t+352 26 91 46 57\t\t\t\t\t<\/p>\n\t\t\t\t\n\t\t\t<\/div>\n\t\t\t\n\t\t<\/div>\n\t\t\t\t\t\t<\/div>\n\t\t\t\t<\/div>\n\t\t\t\t<div class=\"elementor-element elementor-element-17492ab0 elementor-view-stacked elementor-shape-square elementor-position-inline-start elementor-mobile-position-block-start elementor-widget elementor-widget-icon-box\" data-id=\"17492ab0\" data-element_type=\"widget\" data-e-type=\"widget\" data-widget_type=\"icon-box.default\">\n\t\t\t\t<div class=\"elementor-widget-container\">\n\t\t\t\t\t\t\t<div class=\"elementor-icon-box-wrapper\">\n\n\t\t\t\t\t\t<div class=\"elementor-icon-box-icon\">\n\t\t\t\t<span  class=\"elementor-icon\">\n\t\t\t\t<svg aria-hidden=\"true\" class=\"e-font-icon-svg e-fas-envelope-open-text\" viewbox=\"0 0 512 512\" xmlns=\"http:\/\/www.w3.org\/2000\/svg\"><path d=\"M176 216h160c8.84 0 16-7.16 16-16v-16c0-8.84-7.16-16-16-16H176c-8.84 0-16 7.16-16 16v16c0 8.84 7.16 16 16 16zm-16 80c0 8.84 7.16 16 16 16h160c8.84 0 16-7.16 16-16v-16c0-8.84-7.16-16-16-16H176c-8.84 0-16 7.16-16 16v16zm96 121.13c-16.42 0-32.84-5.06-46.86-15.19L0 250.86V464c0 26.51 21.49 48 48 48h416c26.51 0 48-21.49 48-48V250.86L302.86 401.94c-14.02 10.12-30.44 15.19-46.86 15.19zm237.61-254.18c-8.85-6.94-17.24-13.47-29.61-22.81V96c0-26.51-21.49-48-48-48h-77.55c-3.04-2.2-5.87-4.26-9.04-6.56C312.6 29.17 279.2-.35 256 0c-23.2-.35-56.59 29.17-73.41 41.44-3.17 2.3-6 4.36-9.04 6.56H96c-26.51 0-48 21.49-48 48v44.14c-12.37 9.33-20.76 15.87-29.61 22.81A47.995 47.995 0 0 0 0 200.72v10.65l96 69.35V96h320v184.72l96-69.35v-10.65c0-14.74-6.78-28.67-18.39-37.77z\"><\/path><\/svg>\t\t\t\t<\/span>\n\t\t\t<\/div>\n\t\t\t\n\t\t\t\t\t\t<div class=\"elementor-icon-box-content\">\n\n\t\t\t\t\t\t\t\t\t<h3 class=\"elementor-icon-box-title\">\n\t\t\t\t\t\t<span  >\n\t\t\t\t\t\t\tEmail\t\t\t\t\t\t<\/span>\n\t\t\t\t\t<\/h3>\n\t\t\t\t\n\t\t\t\t\t\t\t\t\t<p class=\"elementor-icon-box-description\">\n\t\t\t\t\t\tsecretariat@medicalwincrange.lu\t\t\t\t\t<\/p>\n\t\t\t\t\n\t\t\t<\/div>\n\t\t\t\n\t\t<\/div>\n\t\t\t\t\t\t<\/div>\n\t\t\t\t<\/div>\n\t\t\t\t<div class=\"elementor-element elementor-element-2d51ce8 elementor-view-stacked elementor-shape-square elementor-position-inline-start elementor-mobile-position-block-start elementor-widget elementor-widget-icon-box\" data-id=\"2d51ce8\" data-element_type=\"widget\" data-e-type=\"widget\" data-widget_type=\"icon-box.default\">\n\t\t\t\t<div class=\"elementor-widget-container\">\n\t\t\t\t\t\t\t<div class=\"elementor-icon-box-wrapper\">\n\n\t\t\t\t\t\t<div class=\"elementor-icon-box-icon\">\n\t\t\t\t<span  class=\"elementor-icon\">\n\t\t\t\t<svg aria-hidden=\"true\" class=\"e-font-icon-svg e-fas-map-marker-alt\" viewbox=\"0 0 384 512\" xmlns=\"http:\/\/www.w3.org\/2000\/svg\"><path d=\"M172.268 501.67C26.97 291.031 0 269.413 0 192 0 85.961 85.961 0 192 0s192 85.961 192 192c0 77.413-26.97 99.031-172.268 309.67-9.535 13.774-29.93 13.773-39.464 0zM192 272c44.183 0 80-35.817 80-80s-35.817-80-80-80-80 35.817-80 80 35.817 80 80 80z\"><\/path><\/svg>\t\t\t\t<\/span>\n\t\t\t<\/div>\n\t\t\t\n\t\t\t\t\t\t<div class=\"elementor-icon-box-content\">\n\n\t\t\t\t\t\t\t\t\t<h3 class=\"elementor-icon-box-title\">\n\t\t\t\t\t\t<span  >\n\t\t\t\t\t\t\tMorada\t\t\t\t\t\t<\/span>\n\t\t\t\t\t<\/h3>\n\t\t\t\t\n\t\t\t\t\t\t\t\t\t<p class=\"elementor-icon-box-description\">\n\t\t\t\t\t\t43, Haaptstrooss <br>L-9780 Wincrange<br>Luxembourg\t\t\t\t\t<\/p>\n\t\t\t\t\n\t\t\t<\/div>\n\t\t\t\n\t\t<\/div>\n\t\t\t\t\t\t<\/div>\n\t\t\t\t<\/div>\n\t\t\t\t\t<\/div>\n\t\t<\/div>\n\t\t\t\t\t<\/div>\n\t\t<\/section>\n\t\t\t\t\t<\/div>\n\t\t<\/div>\n\t\t\t\t<div class=\"elementor-column elementor-col-50 elementor-top-column elementor-element elementor-element-75f2da51\" data-id=\"75f2da51\" data-element_type=\"column\" data-e-type=\"column\" data-settings=\"{&quot;background_background&quot;:&quot;classic&quot;}\">\n\t\t\t<div class=\"elementor-widget-wrap elementor-element-populated\">\n\t\t\t\t\t\t<div class=\"elementor-element elementor-element-29ea02b elementor-widget elementor-widget-google_maps\" data-id=\"29ea02b\" data-element_type=\"widget\" data-e-type=\"widget\" data-widget_type=\"google_maps.default\">\n\t\t\t\t<div class=\"elementor-widget-container\">\n\t\t\t\t\t\t\t<div class=\"elementor-custom-embed\">\n\t\t\t<iframe loading=\"lazy\"\n\t\t\t\t\tsrc=\"https:\/\/maps.google.com\/maps?q=43%2C%20Haaptstrooss%2C%20Wincrange%2C%20Luxembourg%2C%209780%20Wincrange&#038;t=m&#038;z=16&#038;output=embed&#038;iwloc=near\"\n\t\t\t\t\ttitle=\"43, Haaptstrooss, Wincrange, Luxembourg, 9780 Wincrange\"\n\t\t\t\t\taria-label=\"43, Haaptstrooss, Wincrange, Luxembourg, 9780 Wincrange\"\n\t\t\t><\/iframe>\n\t\t<\/div>\n\t\t\t\t\t\t<\/div>\n\t\t\t\t<\/div>\n\t\t\t\t\t<\/div>\n\t\t<\/div>\n\t\t\t\t\t<\/div>\n\t\t<\/section>\n\t\t\t\t<\/div>","protected":false},"excerpt":{"rendered":"<p>Contacts Contacts Horaires 08h \u00e0 12h: Lundi au Vendredi 15h \u00e0 18h: Lundi, Mercredi et Vendredi 14h \u00e0 17h: Mardis Jeudi apr\u00e8s-midi : Notre bureau est ferm\u00e9 T\u00e9l\u00e9phone +352 26 91 45 62 Fax +352 26 91 46 57 Email secretariat@medicalwincrange.lu Adresse 43, Haaptstrooss L-9780 WincrangeLuxembourg<\/p>","protected":false},"author":1,"featured_media":431,"parent":0,"menu_order":0,"comment_status":"closed","ping_status":"closed","template":"","meta":{"footnotes":""},"class_list":["post-163","page","type-page","status-publish","has-post-thumbnail","hentry"],"yoast_head":"<!-- This site is optimized with the Yoast SEO plugin v27.3 - https:\/\/yoast.com\/product\/yoast-seo-wordpress\/ -->\n<title>Contacts - M\u00e9dical Wincrange \u00ae<\/title>\n<meta name=\"description\" content=\"Si vous avez des questions, des commentaires ou des demandes d&#039;information, n&#039;h\u00e9sitez pas \u00e0 nous contacter. Voici comment vous pouvez nous joindre.\" \/>\n<meta name=\"robots\" content=\"index, follow, max-snippet:-1, max-image-preview:large, max-video-preview:-1\" \/>\n<link rel=\"canonical\" href=\"https:\/\/medicalwincrange.lu\/pt\/contacts\/\" \/>\n<meta property=\"og:locale\" content=\"pt_PT\" \/>\n<meta property=\"og:type\" content=\"article\" \/>\n<meta property=\"og:title\" content=\"Contacts - M\u00e9dical Wincrange \u00ae\" \/>\n<meta property=\"og:description\" content=\"Si vous avez des questions, des commentaires ou des demandes d&#039;information, n&#039;h\u00e9sitez pas \u00e0 nous contacter. Voici comment vous pouvez nous joindre.\" \/>\n<meta property=\"og:url\" content=\"https:\/\/medicalwincrange.lu\/pt\/contacts\/\" \/>\n<meta property=\"og:site_name\" content=\"M\u00e9dical Wincrange \u00ae\" \/>\n<meta property=\"article:modified_time\" content=\"2024-05-27T16:37:34+00:00\" \/>\n<meta property=\"og:image\" content=\"https:\/\/medicalwincrange.lu\/wp-content\/uploads\/2024\/03\/ed91ffcc-ef6b-48c0-a719-674ee251fe46-1.jpeg\" \/>\n\t<meta property=\"og:image:width\" content=\"1600\" \/>\n\t<meta property=\"og:image:height\" content=\"1066\" \/>\n\t<meta property=\"og:image:type\" content=\"image\/jpeg\" \/>\n<meta name=\"twitter:card\" content=\"summary_large_image\" \/>\n<meta name=\"twitter:label1\" content=\"Tempo estimado de leitura\" \/>\n\t<meta name=\"twitter:data1\" content=\"1 minuto\" \/>\n<script type=\"application\/ld+json\" class=\"yoast-schema-graph\">{\"@context\":\"https:\\\/\\\/schema.org\",\"@graph\":[{\"@type\":\"WebPage\",\"@id\":\"https:\\\/\\\/medicalwincrange.lu\\\/contacts\\\/\",\"url\":\"https:\\\/\\\/medicalwincrange.lu\\\/contacts\\\/\",\"name\":\"Contacts - M\u00e9dical Wincrange \u00ae\",\"isPartOf\":{\"@id\":\"https:\\\/\\\/medicalwincrange.lu\\\/#website\"},\"primaryImageOfPage\":{\"@id\":\"https:\\\/\\\/medicalwincrange.lu\\\/contacts\\\/#primaryimage\"},\"image\":{\"@id\":\"https:\\\/\\\/medicalwincrange.lu\\\/contacts\\\/#primaryimage\"},\"thumbnailUrl\":\"https:\\\/\\\/medicalwincrange.lu\\\/wp-content\\\/uploads\\\/2024\\\/03\\\/ed91ffcc-ef6b-48c0-a719-674ee251fe46-1.jpeg\",\"datePublished\":\"2024-02-28T20:54:50+00:00\",\"dateModified\":\"2024-05-27T16:37:34+00:00\",\"description\":\"Si vous avez des questions, des commentaires ou des demandes d'information, n'h\u00e9sitez pas \u00e0 nous contacter. Voici comment vous pouvez nous joindre.\",\"breadcrumb\":{\"@id\":\"https:\\\/\\\/medicalwincrange.lu\\\/contacts\\\/#breadcrumb\"},\"inLanguage\":\"pt-PT\",\"potentialAction\":[{\"@type\":\"ReadAction\",\"target\":[\"https:\\\/\\\/medicalwincrange.lu\\\/contacts\\\/\"]}]},{\"@type\":\"ImageObject\",\"inLanguage\":\"pt-PT\",\"@id\":\"https:\\\/\\\/medicalwincrange.lu\\\/contacts\\\/#primaryimage\",\"url\":\"https:\\\/\\\/medicalwincrange.lu\\\/wp-content\\\/uploads\\\/2024\\\/03\\\/ed91ffcc-ef6b-48c0-a719-674ee251fe46-1.jpeg\",\"contentUrl\":\"https:\\\/\\\/medicalwincrange.lu\\\/wp-content\\\/uploads\\\/2024\\\/03\\\/ed91ffcc-ef6b-48c0-a719-674ee251fe46-1.jpeg\",\"width\":1600,\"height\":1066,\"caption\":\"M\u00e9dical Wincrange Position\"},{\"@type\":\"BreadcrumbList\",\"@id\":\"https:\\\/\\\/medicalwincrange.lu\\\/contacts\\\/#breadcrumb\",\"itemListElement\":[{\"@type\":\"ListItem\",\"position\":1,\"name\":\"In\u00edcio\",\"item\":\"https:\\\/\\\/medicalwincrange.lu\\\/\"},{\"@type\":\"ListItem\",\"position\":2,\"name\":\"Contacts\"}]},{\"@type\":\"WebSite\",\"@id\":\"https:\\\/\\\/medicalwincrange.lu\\\/#website\",\"url\":\"https:\\\/\\\/medicalwincrange.lu\\\/\",\"name\":\"M\u00e9dical Wincrange \u00ae\",\"description\":\"\",\"publisher\":{\"@id\":\"https:\\\/\\\/medicalwincrange.lu\\\/#organization\"},\"potentialAction\":[{\"@type\":\"SearchAction\",\"target\":{\"@type\":\"EntryPoint\",\"urlTemplate\":\"https:\\\/\\\/medicalwincrange.lu\\\/?s={search_term_string}\"},\"query-input\":{\"@type\":\"PropertyValueSpecification\",\"valueRequired\":true,\"valueName\":\"search_term_string\"}}],\"inLanguage\":\"pt-PT\"},{\"@type\":\"Organization\",\"@id\":\"https:\\\/\\\/medicalwincrange.lu\\\/#organization\",\"name\":\"M\u00e9dical Wincrange \u00ae\",\"url\":\"https:\\\/\\\/medicalwincrange.lu\\\/\",\"logo\":{\"@type\":\"ImageObject\",\"inLanguage\":\"pt-PT\",\"@id\":\"https:\\\/\\\/medicalwincrange.lu\\\/#\\\/schema\\\/logo\\\/image\\\/\",\"url\":\"https:\\\/\\\/medicalwincrange.lu\\\/wp-content\\\/uploads\\\/2024\\\/02\\\/Logo-5.png\",\"contentUrl\":\"https:\\\/\\\/medicalwincrange.lu\\\/wp-content\\\/uploads\\\/2024\\\/02\\\/Logo-5.png\",\"width\":4199,\"height\":834,\"caption\":\"M\u00e9dical Wincrange \u00ae\"},\"image\":{\"@id\":\"https:\\\/\\\/medicalwincrange.lu\\\/#\\\/schema\\\/logo\\\/image\\\/\"}}]}<\/script>\n<!-- \/ Yoast SEO plugin. -->","yoast_head_json":{"title":"Contacts - M\u00e9dical Wincrange \u00ae","description":"Si vous avez des questions, des commentaires ou des demandes d'information, n'h\u00e9sitez pas \u00e0 nous contacter. Voici comment vous pouvez nous joindre.","robots":{"index":"index","follow":"follow","max-snippet":"max-snippet:-1","max-image-preview":"max-image-preview:large","max-video-preview":"max-video-preview:-1"},"canonical":"https:\/\/medicalwincrange.lu\/pt\/contacts\/","og_locale":"pt_PT","og_type":"article","og_title":"Contacts - M\u00e9dical Wincrange \u00ae","og_description":"Si vous avez des questions, des commentaires ou des demandes d'information, n'h\u00e9sitez pas \u00e0 nous contacter. Voici comment vous pouvez nous joindre.","og_url":"https:\/\/medicalwincrange.lu\/pt\/contacts\/","og_site_name":"M\u00e9dical Wincrange \u00ae","article_modified_time":"2024-05-27T16:37:34+00:00","og_image":[{"width":1600,"height":1066,"url":"https:\/\/medicalwincrange.lu\/wp-content\/uploads\/2024\/03\/ed91ffcc-ef6b-48c0-a719-674ee251fe46-1.jpeg","type":"image\/jpeg"}],"twitter_card":"summary_large_image","twitter_misc":{"Tempo estimado de leitura":"1 minuto"},"schema":{"@context":"https:\/\/schema.org","@graph":[{"@type":"WebPage","@id":"https:\/\/medicalwincrange.lu\/contacts\/","url":"https:\/\/medicalwincrange.lu\/contacts\/","name":"Contacts - M\u00e9dical Wincrange \u00ae","isPartOf":{"@id":"https:\/\/medicalwincrange.lu\/#website"},"primaryImageOfPage":{"@id":"https:\/\/medicalwincrange.lu\/contacts\/#primaryimage"},"image":{"@id":"https:\/\/medicalwincrange.lu\/contacts\/#primaryimage"},"thumbnailUrl":"https:\/\/medicalwincrange.lu\/wp-content\/uploads\/2024\/03\/ed91ffcc-ef6b-48c0-a719-674ee251fe46-1.jpeg","datePublished":"2024-02-28T20:54:50+00:00","dateModified":"2024-05-27T16:37:34+00:00","description":"Si vous avez des questions, des commentaires ou des demandes d'information, n'h\u00e9sitez pas \u00e0 nous contacter. Voici comment vous pouvez nous joindre.","breadcrumb":{"@id":"https:\/\/medicalwincrange.lu\/contacts\/#breadcrumb"},"inLanguage":"pt-PT","potentialAction":[{"@type":"ReadAction","target":["https:\/\/medicalwincrange.lu\/contacts\/"]}]},{"@type":"ImageObject","inLanguage":"pt-PT","@id":"https:\/\/medicalwincrange.lu\/contacts\/#primaryimage","url":"https:\/\/medicalwincrange.lu\/wp-content\/uploads\/2024\/03\/ed91ffcc-ef6b-48c0-a719-674ee251fe46-1.jpeg","contentUrl":"https:\/\/medicalwincrange.lu\/wp-content\/uploads\/2024\/03\/ed91ffcc-ef6b-48c0-a719-674ee251fe46-1.jpeg","width":1600,"height":1066,"caption":"M\u00e9dical Wincrange Position"},{"@type":"BreadcrumbList","@id":"https:\/\/medicalwincrange.lu\/contacts\/#breadcrumb","itemListElement":[{"@type":"ListItem","position":1,"name":"In\u00edcio","item":"https:\/\/medicalwincrange.lu\/"},{"@type":"ListItem","position":2,"name":"Contacts"}]},{"@type":"WebSite","@id":"https:\/\/medicalwincrange.lu\/#website","url":"https:\/\/medicalwincrange.lu\/","name":"M\u00e9dical Wincrange \u00ae","description":"","publisher":{"@id":"https:\/\/medicalwincrange.lu\/#organization"},"potentialAction":[{"@type":"SearchAction","target":{"@type":"EntryPoint","urlTemplate":"https:\/\/medicalwincrange.lu\/?s={search_term_string}"},"query-input":{"@type":"PropertyValueSpecification","valueRequired":true,"valueName":"search_term_string"}}],"inLanguage":"pt-PT"},{"@type":"Organization","@id":"https:\/\/medicalwincrange.lu\/#organization","name":"M\u00e9dical Wincrange \u00ae","url":"https:\/\/medicalwincrange.lu\/","logo":{"@type":"ImageObject","inLanguage":"pt-PT","@id":"https:\/\/medicalwincrange.lu\/#\/schema\/logo\/image\/","url":"https:\/\/medicalwincrange.lu\/wp-content\/uploads\/2024\/02\/Logo-5.png","contentUrl":"https:\/\/medicalwincrange.lu\/wp-content\/uploads\/2024\/02\/Logo-5.png","width":4199,"height":834,"caption":"M\u00e9dical Wincrange \u00ae"},"image":{"@id":"https:\/\/medicalwincrange.lu\/#\/schema\/logo\/image\/"}}]}},"_links":{"self":[{"href":"https:\/\/medicalwincrange.lu\/pt\/wp-json\/wp\/v2\/pages\/163","targetHints":{"allow":["GET"]}}],"collection":[{"href":"https:\/\/medicalwincrange.lu\/pt\/wp-json\/wp\/v2\/pages"}],"about":[{"href":"https:\/\/medicalwincrange.lu\/pt\/wp-json\/wp\/v2\/types\/page"}],"author":[{"embeddable":true,"href":"https:\/\/medicalwincrange.lu\/pt\/wp-json\/wp\/v2\/users\/1"}],"replies":[{"embeddable":true,"href":"https:\/\/medicalwincrange.lu\/pt\/wp-json\/wp\/v2\/comments?post=163"}],"version-history":[{"count":62,"href":"https:\/\/medicalwincrange.lu\/pt\/wp-json\/wp\/v2\/pages\/163\/revisions"}],"predecessor-version":[{"id":868,"href":"https:\/\/medicalwincrange.lu\/pt\/wp-json\/wp\/v2\/pages\/163\/revisions\/868"}],"wp:featuredmedia":[{"embeddable":true,"href":"https:\/\/medicalwincrange.lu\/pt\/wp-json\/wp\/v2\/media\/431"}],"wp:attachment":[{"href":"https:\/\/medicalwincrange.lu\/pt\/wp-json\/wp\/v2\/media?parent=163"}],"curies":[{"name":"wp","href":"https:\/\/api.w.org\/{rel}","templated":true}]}}