{"id":240,"date":"2024-03-04T20:56:02","date_gmt":"2024-03-04T20:56:02","guid":{"rendered":"https:\/\/medicalwincrange.lu\/?page_id=240"},"modified":"2024-05-18T14:30:16","modified_gmt":"2024-05-18T14:30:16","slug":"politique-confidentialite-cookies","status":"publish","type":"page","link":"https:\/\/medicalwincrange.lu\/pt\/politique-confidentialite-cookies\/","title":{"rendered":"Pol\u00edtica de privacidade e de cookies"},"content":{"rendered":"<div data-elementor-type=\"wp-page\" data-elementor-id=\"240\" class=\"elementor elementor-240\" data-elementor-post-type=\"page\">\n\t\t\t\t\t\t<section class=\"elementor-section elementor-top-section elementor-element elementor-element-1872c08 elementor-section-height-min-height elementor-section-boxed elementor-section-height-default elementor-section-items-middle\" data-id=\"1872c08\" data-element_type=\"section\" data-e-type=\"section\" data-settings=\"{&quot;background_background&quot;:&quot;classic&quot;}\">\n\t\t\t\t\t\t\t<div class=\"elementor-background-overlay\"><\/div>\n\t\t\t\t\t\t\t<div class=\"elementor-container elementor-column-gap-default\">\n\t\t\t\t\t<div class=\"elementor-column elementor-col-100 elementor-top-column elementor-element elementor-element-892f770\" data-id=\"892f770\" data-element_type=\"column\" data-e-type=\"column\">\n\t\t\t<div class=\"elementor-widget-wrap elementor-element-populated\">\n\t\t\t\t\t\t<div class=\"elementor-element elementor-element-72b5bfc elementor-widget elementor-widget-heading\" data-id=\"72b5bfc\" data-element_type=\"widget\" data-e-type=\"widget\" data-widget_type=\"heading.default\">\n\t\t\t\t<div class=\"elementor-widget-container\">\n\t\t\t\t\t<h1 class=\"elementor-heading-title elementor-size-default\">Pol\u00edtica de Privacidade e Cookies<\/h1>\t\t\t\t<\/div>\n\t\t\t\t<\/div>\n\t\t\t\t\t<\/div>\n\t\t<\/div>\n\t\t\t\t\t<\/div>\n\t\t<\/section>\n\t\t<div class=\"elementor-element elementor-element-511108c e-flex e-con-boxed e-con e-parent\" data-id=\"511108c\" data-element_type=\"container\" data-e-type=\"container\">\n\t\t\t\t\t<div class=\"e-con-inner\">\n\t\t\t\t<div class=\"elementor-element elementor-element-8735c2c elementor-widget elementor-widget-text-editor\" data-id=\"8735c2c\" data-element_type=\"widget\" data-e-type=\"widget\" data-widget_type=\"text-editor.default\">\n\t\t\t\t<div class=\"elementor-widget-container\">\n\t\t\t\t\t\t\t\t\t<p><strong>1. Introdu\u00e7\u00e3o<\/strong><\/p><p>Esta pol\u00edtica abrange a forma como tratamos os dados pessoais e a utiliza\u00e7\u00e3o de cookies no nosso site. Ao utilizar o nosso site, aceita os termos descritos nesta pol\u00edtica.<\/p><p><strong>2. Dados Recolhidos<\/strong><\/p><p>Podemos recolher informa\u00e7\u00f5es pessoais, como o nome, o endere\u00e7o de e-mail, o n\u00famero de telefone e informa\u00e7\u00f5es relacionadas com a sa\u00fade, mediante consentimento expl\u00edcito. Estes dados s\u00e3o recolhidos para fornecer servi\u00e7os personalizados e melhorar a experi\u00eancia do utilizado<\/p><p><strong>3. Utiliza\u00e7\u00e3o de Cookies<\/strong><\/p><p>Os cookies s\u00e3o pequenos ficheiros de texto armazenados no seu dispositivo para melhorar a funcionalidade e personalizar a sua experi\u00eancia de navega\u00e7\u00e3o. Utilizamos cookies para an\u00e1lise, personaliza\u00e7\u00e3o de conte\u00fado, publicidade direcionada e melhoria cont\u00ednua do site. Ao aceitar a utiliza\u00e7\u00e3o de cookies, est\u00e1 a consentir a recolha destas informa\u00e7\u00f5es.<\/p><p><strong>4. Como Utilizamos as Suas Informa\u00e7\u00f5es<\/strong><\/p><p>Utilizamos as informa\u00e7\u00f5es recolhidas para:<\/p><ul><li>Fornecer servi\u00e7os personalizados;<\/li><li>Melhorar e personalizar a experi\u00eancia do utilizador no site;<\/li><li>Enviar informa\u00e7\u00f5es relevantes sobre os nossos servi\u00e7os;<\/li><li>Responder a pedidos e quest\u00f5es.<\/li><\/ul><p>\u00a0<\/p><p><strong>5. Partilha de Informa\u00e7\u00f5es<\/strong><\/p><p>N\u00e3o partilhamos as suas informa\u00e7\u00f5es pessoais com terceiros sem o seu consentimento, salvo quando necess\u00e1rio para cumprir obriga\u00e7\u00f5es legais.<\/p><p><strong>6. Seguran\u00e7a dos Dados<\/strong><\/p><p>Implement\u00e1mos medidas de seguran\u00e7a para proteger as suas informa\u00e7\u00f5es contra qualquer acesso n\u00e3o autorizado, modifica\u00e7\u00e3o, divulga\u00e7\u00e3o ou destrui\u00e7\u00e3o. No entanto, nenhum m\u00e9todo de transmiss\u00e3o na Internet ou de armazenamento eletr\u00f4nico \u00e9 totalmente seguro, e n\u00e3o podemos garantir uma seguran\u00e7a absoluta.<\/p><p><strong>7. Os Seus Direitos<\/strong><\/p><p>Tem o direito de aceder, corrigir ou apagar as suas informa\u00e7\u00f5es pessoais a qualquer momento. Caso deseje exercer esses direitos, por favor, contacte-nos atrav\u00e9s das informa\u00e7\u00f5es fornecidas no final desta pol\u00edtica.<\/p><p><strong>8. Modifica\u00e7\u00f5es a Esta Pol\u00edtica<\/strong><\/p><p>Reservamo-nos o direito de modificar esta pol\u00edtica a qualquer momento. As altera\u00e7\u00f5es importantes ser\u00e3o notificadas no site ou por outros meios, para garantir que esteja informado sobre as modifica\u00e7\u00f5es.<\/p><p><strong>9. Contacto<\/strong><\/p><p>Para mais informa\u00e7\u00f5es ou quest\u00f5es sobre esta pol\u00edtica, por favor, entre em contacto connosco.<\/p><p>Ao continuar a utilizar o nosso site, aceita os termos desta Pol\u00edtica de Cookies e Privacidade.<\/p>\t\t\t\t\t\t\t\t<\/div>\n\t\t\t\t<\/div>\n\t\t\t\t\t<\/div>\n\t\t\t\t<\/div>\n\t\t\t\t<\/div>","protected":false},"excerpt":{"rendered":"<p>Politique de Confidentialit\u00e9 et de Cookies\u200b 1. Introduction Cette politique couvre la mani\u00e8re dont nous traitons les donn\u00e9es personnelles et l&rsquo;utilisation des cookies sur notre site. En utilisant notre site, vous acceptez les termes d\u00e9crits dans cette politique. 2. Donn\u00e9es Collect\u00e9es Nous pouvons collecter des informations personnelles telles que le nom, l&rsquo;adresse e-mail, le num\u00e9ro [&hellip;]<\/p>\n","protected":false},"author":1,"featured_media":361,"parent":0,"menu_order":0,"comment_status":"closed","ping_status":"closed","template":"","meta":{"footnotes":""},"class_list":["post-240","page","type-page","status-publish","has-post-thumbnail","hentry"],"yoast_head":"<!-- This site is optimized with the Yoast SEO plugin v27.3 - https:\/\/yoast.com\/product\/yoast-seo-wordpress\/ -->\n<title>Politique de confidentialit\u00e9 et de cookies - M\u00e9dical Wincrange \u00ae<\/title>\n<meta name=\"description\" content=\"Bienvenue sur notre page Politique de Confidentialit\u00e9 et de Cookies. Votre confidentialit\u00e9 est importante pour nous, et cette section a pour but de vous informer sur la mani\u00e8re dont nous collectons, utilisons, et prot\u00e9geons vos informations personnelles lorsque vous utilisez notre site.\" \/>\n<meta name=\"robots\" content=\"index, follow, max-snippet:-1, max-image-preview:large, max-video-preview:-1\" \/>\n<link rel=\"canonical\" href=\"https:\/\/medicalwincrange.lu\/pt\/politique-confidentialite-cookies\/\" \/>\n<meta property=\"og:locale\" content=\"pt_PT\" \/>\n<meta property=\"og:type\" content=\"article\" \/>\n<meta property=\"og:title\" content=\"Politique de confidentialit\u00e9 et de cookies - M\u00e9dical Wincrange \u00ae\" \/>\n<meta property=\"og:description\" content=\"Bienvenue sur notre page Politique de Confidentialit\u00e9 et de Cookies. Votre confidentialit\u00e9 est importante pour nous, et cette section a pour but de vous informer sur la mani\u00e8re dont nous collectons, utilisons, et prot\u00e9geons vos informations personnelles lorsque vous utilisez notre site.\" \/>\n<meta property=\"og:url\" content=\"https:\/\/medicalwincrange.lu\/pt\/politique-confidentialite-cookies\/\" \/>\n<meta property=\"og:site_name\" content=\"M\u00e9dical Wincrange \u00ae\" \/>\n<meta property=\"article:modified_time\" content=\"2024-05-18T14:30:16+00:00\" \/>\n<meta property=\"og:image\" content=\"https:\/\/medicalwincrange.lu\/wp-content\/uploads\/2024\/03\/289f1246-b1b0-4f77-9879-15e2aa9167e1.jpeg\" \/>\n\t<meta property=\"og:image:width\" content=\"1600\" \/>\n\t<meta property=\"og:image:height\" content=\"1066\" \/>\n\t<meta property=\"og:image:type\" content=\"image\/jpeg\" \/>\n<meta name=\"twitter:card\" content=\"summary_large_image\" \/>\n<meta name=\"twitter:label1\" content=\"Tempo estimado de leitura\" \/>\n\t<meta name=\"twitter:data1\" content=\"3 minutos\" \/>\n<script type=\"application\/ld+json\" class=\"yoast-schema-graph\">{\"@context\":\"https:\\\/\\\/schema.org\",\"@graph\":[{\"@type\":\"WebPage\",\"@id\":\"https:\\\/\\\/medicalwincrange.lu\\\/politique-confidentialite-cookies\\\/\",\"url\":\"https:\\\/\\\/medicalwincrange.lu\\\/politique-confidentialite-cookies\\\/\",\"name\":\"Politique de confidentialit\u00e9 et de cookies - M\u00e9dical Wincrange \u00ae\",\"isPartOf\":{\"@id\":\"https:\\\/\\\/medicalwincrange.lu\\\/#website\"},\"primaryImageOfPage\":{\"@id\":\"https:\\\/\\\/medicalwincrange.lu\\\/politique-confidentialite-cookies\\\/#primaryimage\"},\"image\":{\"@id\":\"https:\\\/\\\/medicalwincrange.lu\\\/politique-confidentialite-cookies\\\/#primaryimage\"},\"thumbnailUrl\":\"https:\\\/\\\/medicalwincrange.lu\\\/wp-content\\\/uploads\\\/2024\\\/03\\\/289f1246-b1b0-4f77-9879-15e2aa9167e1.jpeg\",\"datePublished\":\"2024-03-04T20:56:02+00:00\",\"dateModified\":\"2024-05-18T14:30:16+00:00\",\"description\":\"Bienvenue sur notre page Politique de Confidentialit\u00e9 et de Cookies. Votre confidentialit\u00e9 est importante pour nous, et cette section a pour but de vous informer sur la mani\u00e8re dont nous collectons, utilisons, et prot\u00e9geons vos informations personnelles lorsque vous utilisez notre site.\",\"breadcrumb\":{\"@id\":\"https:\\\/\\\/medicalwincrange.lu\\\/politique-confidentialite-cookies\\\/#breadcrumb\"},\"inLanguage\":\"pt-PT\",\"potentialAction\":[{\"@type\":\"ReadAction\",\"target\":[\"https:\\\/\\\/medicalwincrange.lu\\\/politique-confidentialite-cookies\\\/\"]}]},{\"@type\":\"ImageObject\",\"inLanguage\":\"pt-PT\",\"@id\":\"https:\\\/\\\/medicalwincrange.lu\\\/politique-confidentialite-cookies\\\/#primaryimage\",\"url\":\"https:\\\/\\\/medicalwincrange.lu\\\/wp-content\\\/uploads\\\/2024\\\/03\\\/289f1246-b1b0-4f77-9879-15e2aa9167e1.jpeg\",\"contentUrl\":\"https:\\\/\\\/medicalwincrange.lu\\\/wp-content\\\/uploads\\\/2024\\\/03\\\/289f1246-b1b0-4f77-9879-15e2aa9167e1.jpeg\",\"width\":1600,\"height\":1066,\"caption\":\"M\u00e9dical Wincrange Exam5\"},{\"@type\":\"BreadcrumbList\",\"@id\":\"https:\\\/\\\/medicalwincrange.lu\\\/politique-confidentialite-cookies\\\/#breadcrumb\",\"itemListElement\":[{\"@type\":\"ListItem\",\"position\":1,\"name\":\"In\u00edcio\",\"item\":\"https:\\\/\\\/medicalwincrange.lu\\\/\"},{\"@type\":\"ListItem\",\"position\":2,\"name\":\"Politique de confidentialit\u00e9 et de cookies\"}]},{\"@type\":\"WebSite\",\"@id\":\"https:\\\/\\\/medicalwincrange.lu\\\/#website\",\"url\":\"https:\\\/\\\/medicalwincrange.lu\\\/\",\"name\":\"M\u00e9dical Wincrange \u00ae\",\"description\":\"\",\"publisher\":{\"@id\":\"https:\\\/\\\/medicalwincrange.lu\\\/#organization\"},\"potentialAction\":[{\"@type\":\"SearchAction\",\"target\":{\"@type\":\"EntryPoint\",\"urlTemplate\":\"https:\\\/\\\/medicalwincrange.lu\\\/?s={search_term_string}\"},\"query-input\":{\"@type\":\"PropertyValueSpecification\",\"valueRequired\":true,\"valueName\":\"search_term_string\"}}],\"inLanguage\":\"pt-PT\"},{\"@type\":\"Organization\",\"@id\":\"https:\\\/\\\/medicalwincrange.lu\\\/#organization\",\"name\":\"M\u00e9dical Wincrange \u00ae\",\"url\":\"https:\\\/\\\/medicalwincrange.lu\\\/\",\"logo\":{\"@type\":\"ImageObject\",\"inLanguage\":\"pt-PT\",\"@id\":\"https:\\\/\\\/medicalwincrange.lu\\\/#\\\/schema\\\/logo\\\/image\\\/\",\"url\":\"https:\\\/\\\/medicalwincrange.lu\\\/wp-content\\\/uploads\\\/2024\\\/02\\\/Logo-5.png\",\"contentUrl\":\"https:\\\/\\\/medicalwincrange.lu\\\/wp-content\\\/uploads\\\/2024\\\/02\\\/Logo-5.png\",\"width\":4199,\"height\":834,\"caption\":\"M\u00e9dical Wincrange \u00ae\"},\"image\":{\"@id\":\"https:\\\/\\\/medicalwincrange.lu\\\/#\\\/schema\\\/logo\\\/image\\\/\"}}]}<\/script>\n<!-- \/ Yoast SEO plugin. -->","yoast_head_json":{"title":"Politique de confidentialit\u00e9 et de cookies - M\u00e9dical Wincrange \u00ae","description":"Bienvenue sur notre page Politique de Confidentialit\u00e9 et de Cookies. Votre confidentialit\u00e9 est importante pour nous, et cette section a pour but de vous informer sur la mani\u00e8re dont nous collectons, utilisons, et prot\u00e9geons vos informations personnelles lorsque vous utilisez notre site.","robots":{"index":"index","follow":"follow","max-snippet":"max-snippet:-1","max-image-preview":"max-image-preview:large","max-video-preview":"max-video-preview:-1"},"canonical":"https:\/\/medicalwincrange.lu\/pt\/politique-confidentialite-cookies\/","og_locale":"pt_PT","og_type":"article","og_title":"Politique de confidentialit\u00e9 et de cookies - M\u00e9dical Wincrange \u00ae","og_description":"Bienvenue sur notre page Politique de Confidentialit\u00e9 et de Cookies. Votre confidentialit\u00e9 est importante pour nous, et cette section a pour but de vous informer sur la mani\u00e8re dont nous collectons, utilisons, et prot\u00e9geons vos informations personnelles lorsque vous utilisez notre site.","og_url":"https:\/\/medicalwincrange.lu\/pt\/politique-confidentialite-cookies\/","og_site_name":"M\u00e9dical Wincrange \u00ae","article_modified_time":"2024-05-18T14:30:16+00:00","og_image":[{"width":1600,"height":1066,"url":"https:\/\/medicalwincrange.lu\/wp-content\/uploads\/2024\/03\/289f1246-b1b0-4f77-9879-15e2aa9167e1.jpeg","type":"image\/jpeg"}],"twitter_card":"summary_large_image","twitter_misc":{"Tempo estimado de leitura":"3 minutos"},"schema":{"@context":"https:\/\/schema.org","@graph":[{"@type":"WebPage","@id":"https:\/\/medicalwincrange.lu\/politique-confidentialite-cookies\/","url":"https:\/\/medicalwincrange.lu\/politique-confidentialite-cookies\/","name":"Politique de confidentialit\u00e9 et de cookies - M\u00e9dical Wincrange \u00ae","isPartOf":{"@id":"https:\/\/medicalwincrange.lu\/#website"},"primaryImageOfPage":{"@id":"https:\/\/medicalwincrange.lu\/politique-confidentialite-cookies\/#primaryimage"},"image":{"@id":"https:\/\/medicalwincrange.lu\/politique-confidentialite-cookies\/#primaryimage"},"thumbnailUrl":"https:\/\/medicalwincrange.lu\/wp-content\/uploads\/2024\/03\/289f1246-b1b0-4f77-9879-15e2aa9167e1.jpeg","datePublished":"2024-03-04T20:56:02+00:00","dateModified":"2024-05-18T14:30:16+00:00","description":"Bienvenue sur notre page Politique de Confidentialit\u00e9 et de Cookies. Votre confidentialit\u00e9 est importante pour nous, et cette section a pour but de vous informer sur la mani\u00e8re dont nous collectons, utilisons, et prot\u00e9geons vos informations personnelles lorsque vous utilisez notre site.","breadcrumb":{"@id":"https:\/\/medicalwincrange.lu\/politique-confidentialite-cookies\/#breadcrumb"},"inLanguage":"pt-PT","potentialAction":[{"@type":"ReadAction","target":["https:\/\/medicalwincrange.lu\/politique-confidentialite-cookies\/"]}]},{"@type":"ImageObject","inLanguage":"pt-PT","@id":"https:\/\/medicalwincrange.lu\/politique-confidentialite-cookies\/#primaryimage","url":"https:\/\/medicalwincrange.lu\/wp-content\/uploads\/2024\/03\/289f1246-b1b0-4f77-9879-15e2aa9167e1.jpeg","contentUrl":"https:\/\/medicalwincrange.lu\/wp-content\/uploads\/2024\/03\/289f1246-b1b0-4f77-9879-15e2aa9167e1.jpeg","width":1600,"height":1066,"caption":"M\u00e9dical Wincrange Exam5"},{"@type":"BreadcrumbList","@id":"https:\/\/medicalwincrange.lu\/politique-confidentialite-cookies\/#breadcrumb","itemListElement":[{"@type":"ListItem","position":1,"name":"In\u00edcio","item":"https:\/\/medicalwincrange.lu\/"},{"@type":"ListItem","position":2,"name":"Politique de confidentialit\u00e9 et de cookies"}]},{"@type":"WebSite","@id":"https:\/\/medicalwincrange.lu\/#website","url":"https:\/\/medicalwincrange.lu\/","name":"M\u00e9dical Wincrange \u00ae","description":"","publisher":{"@id":"https:\/\/medicalwincrange.lu\/#organization"},"potentialAction":[{"@type":"SearchAction","target":{"@type":"EntryPoint","urlTemplate":"https:\/\/medicalwincrange.lu\/?s={search_term_string}"},"query-input":{"@type":"PropertyValueSpecification","valueRequired":true,"valueName":"search_term_string"}}],"inLanguage":"pt-PT"},{"@type":"Organization","@id":"https:\/\/medicalwincrange.lu\/#organization","name":"M\u00e9dical Wincrange \u00ae","url":"https:\/\/medicalwincrange.lu\/","logo":{"@type":"ImageObject","inLanguage":"pt-PT","@id":"https:\/\/medicalwincrange.lu\/#\/schema\/logo\/image\/","url":"https:\/\/medicalwincrange.lu\/wp-content\/uploads\/2024\/02\/Logo-5.png","contentUrl":"https:\/\/medicalwincrange.lu\/wp-content\/uploads\/2024\/02\/Logo-5.png","width":4199,"height":834,"caption":"M\u00e9dical Wincrange \u00ae"},"image":{"@id":"https:\/\/medicalwincrange.lu\/#\/schema\/logo\/image\/"}}]}},"_links":{"self":[{"href":"https:\/\/medicalwincrange.lu\/pt\/wp-json\/wp\/v2\/pages\/240","targetHints":{"allow":["GET"]}}],"collection":[{"href":"https:\/\/medicalwincrange.lu\/pt\/wp-json\/wp\/v2\/pages"}],"about":[{"href":"https:\/\/medicalwincrange.lu\/pt\/wp-json\/wp\/v2\/types\/page"}],"author":[{"embeddable":true,"href":"https:\/\/medicalwincrange.lu\/pt\/wp-json\/wp\/v2\/users\/1"}],"replies":[{"embeddable":true,"href":"https:\/\/medicalwincrange.lu\/pt\/wp-json\/wp\/v2\/comments?post=240"}],"version-history":[{"count":20,"href":"https:\/\/medicalwincrange.lu\/pt\/wp-json\/wp\/v2\/pages\/240\/revisions"}],"predecessor-version":[{"id":752,"href":"https:\/\/medicalwincrange.lu\/pt\/wp-json\/wp\/v2\/pages\/240\/revisions\/752"}],"wp:featuredmedia":[{"embeddable":true,"href":"https:\/\/medicalwincrange.lu\/pt\/wp-json\/wp\/v2\/media\/361"}],"wp:attachment":[{"href":"https:\/\/medicalwincrange.lu\/pt\/wp-json\/wp\/v2\/media?parent=240"}],"curies":[{"name":"wp","href":"https:\/\/api.w.org\/{rel}","templated":true}]}}