{"id":375,"date":"2024-03-29T09:16:54","date_gmt":"2024-03-29T09:16:54","guid":{"rendered":"https:\/\/medicalwincrange.lu\/?page_id=375"},"modified":"2025-11-03T20:11:44","modified_gmt":"2025-11-03T20:11:44","slug":"prescription-medicale","status":"publish","type":"page","link":"https:\/\/medicalwincrange.lu\/pt\/prescription-medicale\/","title":{"rendered":"Receita M\u00e9dica"},"content":{"rendered":"\t\t<div data-elementor-type=\"wp-page\" data-elementor-id=\"375\" class=\"elementor elementor-375\" data-elementor-post-type=\"page\">\n\t\t\t\t\t\t<section class=\"elementor-section elementor-top-section elementor-element elementor-element-2ccb636 elementor-section-height-min-height elementor-section-boxed elementor-section-height-default elementor-section-items-middle\" data-id=\"2ccb636\" data-element_type=\"section\" data-e-type=\"section\" data-settings=\"{&quot;background_background&quot;:&quot;classic&quot;}\">\n\t\t\t\t\t\t\t<div class=\"elementor-background-overlay\"><\/div>\n\t\t\t\t\t\t\t<div class=\"elementor-container elementor-column-gap-default\">\n\t\t\t\t\t<div class=\"elementor-column elementor-col-100 elementor-top-column elementor-element elementor-element-b7b91f0\" data-id=\"b7b91f0\" data-element_type=\"column\" data-e-type=\"column\">\n\t\t\t<div class=\"elementor-widget-wrap elementor-element-populated\">\n\t\t\t\t\t\t<div class=\"elementor-element elementor-element-9799d81 elementor-widget elementor-widget-heading\" data-id=\"9799d81\" data-element_type=\"widget\" data-e-type=\"widget\" data-widget_type=\"heading.default\">\n\t\t\t\t<div class=\"elementor-widget-container\">\n\t\t\t\t\t<h1 class=\"elementor-heading-title elementor-size-default\">Prescription M\u00e9dicale<\/h1>\t\t\t\t<\/div>\n\t\t\t\t<\/div>\n\t\t\t\t\t<\/div>\n\t\t<\/div>\n\t\t\t\t\t<\/div>\n\t\t<\/section>\n\t\t<div class=\"elementor-element elementor-element-49e2d98 e-flex e-con-boxed e-con e-parent\" data-id=\"49e2d98\" data-element_type=\"container\" data-e-type=\"container\">\n\t\t\t\t\t<div class=\"e-con-inner\">\n\t\t\t\t<div class=\"elementor-element elementor-element-9ce2435 elementor-button-align-stretch elementor-widget elementor-widget-form\" data-id=\"9ce2435\" data-element_type=\"widget\" data-e-type=\"widget\" data-settings=\"{&quot;button_width&quot;:&quot;30&quot;,&quot;step_next_label&quot;:&quot;Next&quot;,&quot;step_previous_label&quot;:&quot;Previous&quot;,&quot;step_type&quot;:&quot;number_text&quot;,&quot;step_icon_shape&quot;:&quot;circle&quot;}\" data-widget_type=\"form.default\">\n\t\t\t\t<div class=\"elementor-widget-container\">\n\t\t\t\t\t\t\t<form class=\"elementor-form\" method=\"post\" name=\"Precription M\u00e9dicale\" aria-label=\"Precription M\u00e9dicale\">\n\t\t\t<input type=\"hidden\" name=\"post_id\" value=\"375\"\/>\n\t\t\t<input type=\"hidden\" name=\"form_id\" value=\"9ce2435\"\/>\n\t\t\t<input type=\"hidden\" name=\"referer_title\" value=\"Prescription M\u00e9dicale - M\u00e9dical Wincrange \u00ae\" \/>\n\n\t\t\t\t\t\t\t<input type=\"hidden\" name=\"queried_id\" value=\"375\"\/>\n\t\t\t\n\t\t\t<div class=\"elementor-form-fields-wrapper elementor-labels-above\">\n\t\t\t\t\t\t\t\t<div class=\"elementor-field-type-text elementor-field-group elementor-column elementor-field-group-name elementor-col-100 elementor-field-required\">\n\t\t\t\t\t\t\t\t\t\t\t\t<label for=\"form-field-name\" class=\"elementor-field-label\">\n\t\t\t\t\t\t\t\tNom\t\t\t\t\t\t\t<\/label>\n\t\t\t\t\t\t\t\t\t\t\t\t\t\t<input size=\"1\" type=\"text\" name=\"form_fields[name]\" id=\"form-field-name\" class=\"elementor-field elementor-size-sm  elementor-field-textual\" required=\"required\">\n\t\t\t\t\t\t\t\t\t\t\t<\/div>\n\t\t\t\t\t\t\t\t<div class=\"elementor-field-type-tel elementor-field-group elementor-column elementor-field-group-email elementor-col-50 elementor-field-required\">\n\t\t\t\t\t\t\t\t\t\t\t\t<label for=\"form-field-email\" class=\"elementor-field-label\">\n\t\t\t\t\t\t\t\tT\u00e9lephone\t\t\t\t\t\t\t<\/label>\n\t\t\t\t\t\t\t\t<input size=\"1\" type=\"tel\" name=\"form_fields[email]\" id=\"form-field-email\" class=\"elementor-field elementor-size-sm  elementor-field-textual\" required=\"required\" pattern=\"[0-9()#&amp;+*-=.]+\" title=\"Seuls les caract\u00e8res de num\u00e9ros de t\u00e9l\u00e9phone (#, -, *, etc.) sont accept\u00e9s.\">\n\n\t\t\t\t\t\t<\/div>\n\t\t\t\t\t\t\t\t<div class=\"elementor-field-type-email elementor-field-group elementor-column elementor-field-group-field_d0fdf7b elementor-col-50 elementor-field-required\">\n\t\t\t\t\t\t\t\t\t\t\t\t<label for=\"form-field-field_d0fdf7b\" class=\"elementor-field-label\">\n\t\t\t\t\t\t\t\tEmail\t\t\t\t\t\t\t<\/label>\n\t\t\t\t\t\t\t\t\t\t\t\t\t\t<input size=\"1\" type=\"email\" name=\"form_fields[field_d0fdf7b]\" id=\"form-field-field_d0fdf7b\" class=\"elementor-field elementor-size-sm  elementor-field-textual\" required=\"required\">\n\t\t\t\t\t\t\t\t\t\t\t<\/div>\n\t\t\t\t\t\t\t\t<div class=\"elementor-field-type-number elementor-field-group elementor-column elementor-field-group-field_42d1914 elementor-col-50 elementor-field-required\">\n\t\t\t\t\t\t\t\t\t\t\t\t<label for=\"form-field-field_42d1914\" class=\"elementor-field-label\">\n\t\t\t\t\t\t\t\tNum\u00e9ro de matricule\t\t\t\t\t\t\t<\/label>\n\t\t\t\t\t\t\t\t\t<input type=\"number\" name=\"form_fields[field_42d1914]\" id=\"form-field-field_42d1914\" class=\"elementor-field elementor-size-sm  elementor-field-textual\" required=\"required\" min=\"\" max=\"\" >\n\t\t\t\t\t\t<\/div>\n\t\t\t\t\t\t\t\t<div class=\"elementor-field-type-select elementor-field-group elementor-column elementor-field-group-field_81af7a2 elementor-col-50 elementor-field-required\">\n\t\t\t\t\t\t\t\t\t\t\t\t<label for=\"form-field-field_81af7a2\" class=\"elementor-field-label\">\n\t\t\t\t\t\t\t\tPrescription M\u00e9dical\t\t\t\t\t\t\t<\/label>\n\t\t\t\t\t\t\t\t<div class=\"elementor-field elementor-select-wrapper remove-before \">\n\t\t\t<div class=\"select-caret-down-wrapper\">\n\t\t\t\t<svg aria-hidden=\"true\" class=\"e-font-icon-svg e-eicon-caret-down\" viewBox=\"0 0 571.4 571.4\" xmlns=\"http:\/\/www.w3.org\/2000\/svg\"><path d=\"M571 393Q571 407 561 418L311 668Q300 679 286 679T261 668L11 418Q0 407 0 393T11 368 36 357H536Q550 357 561 368T571 393Z\"><\/path><\/svg>\t\t\t<\/div>\n\t\t\t<select name=\"form_fields[field_81af7a2]\" id=\"form-field-field_81af7a2\" class=\"elementor-field-textual elementor-size-sm\" required=\"required\">\n\t\t\t\t\t\t\t\t\t<option value=\"M\u00e9dicaments\">M\u00e9dicaments<\/option>\n\t\t\t\t\t\t\t\t\t<option value=\"Kin\u00e9sith\u00e9rapie\">Kin\u00e9sith\u00e9rapie<\/option>\n\t\t\t\t\t\t\t<\/select>\n\t\t<\/div>\n\t\t\t\t\t\t<\/div>\n\t\t\t\t\t\t\t\t<div class=\"elementor-field-type-text elementor-field-group elementor-column elementor-field-group-field_9506b2a elementor-col-50 elementor-field-required\">\n\t\t\t\t\t\t\t\t\t\t\t\t<label for=\"form-field-field_9506b2a\" class=\"elementor-field-label\">\n\t\t\t\t\t\t\t\tNom du \/des m\u00e9dicaments\t\t\t\t\t\t\t<\/label>\n\t\t\t\t\t\t\t\t\t\t\t\t\t\t<input size=\"1\" type=\"text\" name=\"form_fields[field_9506b2a]\" id=\"form-field-field_9506b2a\" class=\"elementor-field elementor-size-sm  elementor-field-textual\" required=\"required\">\n\t\t\t\t\t\t\t\t\t\t\t<\/div>\n\t\t\t\t\t\t\t\t<div class=\"elementor-field-type-select elementor-field-group elementor-column elementor-field-group-field_c9aa87b elementor-col-50 elementor-field-required\">\n\t\t\t\t\t\t\t\t\t\t\t\t<label for=\"form-field-field_c9aa87b\" class=\"elementor-field-label\">\n\t\t\t\t\t\t\t\tM\u00e9decin\t\t\t\t\t\t\t<\/label>\n\t\t\t\t\t\t\t\t<div class=\"elementor-field elementor-select-wrapper remove-before \">\n\t\t\t<div class=\"select-caret-down-wrapper\">\n\t\t\t\t<svg aria-hidden=\"true\" class=\"e-font-icon-svg e-eicon-caret-down\" viewBox=\"0 0 571.4 571.4\" xmlns=\"http:\/\/www.w3.org\/2000\/svg\"><path d=\"M571 393Q571 407 561 418L311 668Q300 679 286 679T261 668L11 418Q0 407 0 393T11 368 36 357H536Q550 357 561 368T571 393Z\"><\/path><\/svg>\t\t\t<\/div>\n\t\t\t<select name=\"form_fields[field_c9aa87b]\" id=\"form-field-field_c9aa87b\" class=\"elementor-field-textual elementor-size-sm\" required=\"required\">\n\t\t\t\t\t\t\t\t\t<option value=\"Dr. Pinto Carla\">Dr. Pinto Carla<\/option>\n\t\t\t\t\t\t\t\t\t<option value=\"Dr. Kohnen Isabelle\">Dr. Kohnen Isabelle<\/option>\n\t\t\t\t\t\t\t\t\t<option value=\"Dr Dufaux Martin\">Dr Dufaux Martin<\/option>\n\t\t\t\t\t\t\t<\/select>\n\t\t<\/div>\n\t\t\t\t\t\t<\/div>\n\t\t\t\t\t\t\t\t<div class=\"elementor-field-type-checkbox elementor-field-group elementor-column elementor-field-group-field_ff4ad55 elementor-col-100\">\n\t\t\t\t\t\t\t\t\t\t\t\t<label for=\"form-field-field_ff4ad55\" class=\"elementor-field-label\">\n\t\t\t\t\t\t\t\tComment r\u00e9cup\u00e9rer:\t\t\t\t\t\t\t<\/label>\n\t\t\t\t\t\t<div class=\"elementor-field-subgroup  \"><span class=\"elementor-field-option\"><input type=\"checkbox\" value=\"Secr\u00e9tariat\" id=\"form-field-field_ff4ad55-0\" name=\"form_fields[field_ff4ad55][]\"> <label for=\"form-field-field_ff4ad55-0\">Secr\u00e9tariat<\/label><\/span><span class=\"elementor-field-option\"><input type=\"checkbox\" value=\"Porte\" id=\"form-field-field_ff4ad55-1\" name=\"form_fields[field_ff4ad55][]\"> <label for=\"form-field-field_ff4ad55-1\">Porte<\/label><\/span><\/div>\t\t\t\t<\/div>\n\t\t\t\t\t\t\t\t<div class=\"elementor-field-type-text elementor-field-group elementor-column elementor-field-group-field_8580ca6 elementor-col-30 elementor-field-required\">\n\t\t\t\t\t\t\t\t\t\t\t\t<label for=\"form-field-field_8580ca6\" class=\"elementor-field-label\">\n\t\t\t\t\t\t\t\tCourrier\u00a0postal\t\t\t\t\t\t\t<\/label>\n\t\t\t\t\t\t\t\t\t\t\t\t\t\t<input size=\"1\" type=\"text\" name=\"form_fields[field_8580ca6]\" id=\"form-field-field_8580ca6\" class=\"elementor-field elementor-size-sm  elementor-field-textual\" required=\"required\">\n\t\t\t\t\t\t\t\t\t\t\t<\/div>\n\t\t\t\t\t\t\t\t<div class=\"elementor-field-type-text elementor-field-group elementor-column elementor-field-group-field_31fd677 elementor-col-70 elementor-field-required\">\n\t\t\t\t\t\t\t\t\t\t\t\t<label for=\"form-field-field_31fd677\" class=\"elementor-field-label\">\n\t\t\t\t\t\t\t\tAdresse\t\t\t\t\t\t\t<\/label>\n\t\t\t\t\t\t\t\t\t\t\t\t\t\t<input size=\"1\" type=\"text\" name=\"form_fields[field_31fd677]\" id=\"form-field-field_31fd677\" class=\"elementor-field elementor-size-sm  elementor-field-textual\" required=\"required\">\n\t\t\t\t\t\t\t\t\t\t\t<\/div>\n\t\t\t\t\t\t\t\t<div class=\"elementor-field-group elementor-column elementor-field-type-submit elementor-col-30 e-form__buttons\">\n\t\t\t\t\t<button class=\"elementor-button elementor-size-sm\" type=\"submit\">\n\t\t\t\t\t\t<span class=\"elementor-button-content-wrapper\">\n\t\t\t\t\t\t\t\t\t\t\t\t\t\t\t\t\t\t\t\t\t\t<span class=\"elementor-button-text\">Envoyer<\/span>\n\t\t\t\t\t\t\t\t\t\t\t\t\t<\/span>\n\t\t\t\t\t<\/button>\n\t\t\t\t<\/div>\n\t\t\t<\/div>\n\t\t<\/form>\n\t\t\t\t\t\t<\/div>\n\t\t\t\t<\/div>\n\t\t\t\t\t<\/div>\n\t\t\t\t<\/div>\n\t\t\t\t<\/div>\n\t\t","protected":false},"excerpt":{"rendered":"<p>Receita M\u00e9dica<\/p>","protected":false},"author":1,"featured_media":363,"parent":0,"menu_order":0,"comment_status":"closed","ping_status":"closed","template":"","meta":{"footnotes":""},"class_list":["post-375","page","type-page","status-publish","has-post-thumbnail","hentry"],"yoast_head":"<!-- This site is optimized with the Yoast SEO plugin v27.3 - https:\/\/yoast.com\/product\/yoast-seo-wordpress\/ -->\n<title>Prescription M\u00e9dicale - M\u00e9dical Wincrange \u00ae<\/title>\n<meta name=\"description\" content=\"Bienvenue sur notre page de Prescription M\u00e9dicale. Cette section est d\u00e9di\u00e9e \u00e0 vous fournir toutes les informations n\u00e9cessaires concernant vos prescriptions m\u00e9dicales.\" \/>\n<meta name=\"robots\" content=\"index, follow, max-snippet:-1, max-image-preview:large, max-video-preview:-1\" \/>\n<link rel=\"canonical\" href=\"https:\/\/medicalwincrange.lu\/pt\/prescription-medicale\/\" \/>\n<meta property=\"og:locale\" content=\"pt_PT\" \/>\n<meta property=\"og:type\" content=\"article\" \/>\n<meta property=\"og:title\" content=\"Prescription M\u00e9dicale - M\u00e9dical Wincrange \u00ae\" \/>\n<meta property=\"og:description\" content=\"Bienvenue sur notre page de Prescription M\u00e9dicale. Cette section est d\u00e9di\u00e9e \u00e0 vous fournir toutes les informations n\u00e9cessaires concernant vos prescriptions m\u00e9dicales.\" \/>\n<meta property=\"og:url\" content=\"https:\/\/medicalwincrange.lu\/pt\/prescription-medicale\/\" \/>\n<meta property=\"og:site_name\" content=\"M\u00e9dical Wincrange \u00ae\" \/>\n<meta property=\"article:modified_time\" content=\"2025-11-03T20:11:44+00:00\" \/>\n<meta property=\"og:image\" content=\"https:\/\/medicalwincrange.lu\/wp-content\/uploads\/2024\/03\/58a19773-568d-438b-85ce-221a80942182.jpeg\" \/>\n\t<meta property=\"og:image:width\" content=\"1600\" \/>\n\t<meta property=\"og:image:height\" content=\"1066\" \/>\n\t<meta property=\"og:image:type\" content=\"image\/jpeg\" \/>\n<meta name=\"twitter:card\" content=\"summary_large_image\" \/>\n<meta name=\"twitter:label1\" content=\"Tempo estimado de leitura\" \/>\n\t<meta name=\"twitter:data1\" content=\"1 minuto\" \/>\n<script type=\"application\/ld+json\" class=\"yoast-schema-graph\">{\"@context\":\"https:\\\/\\\/schema.org\",\"@graph\":[{\"@type\":\"WebPage\",\"@id\":\"https:\\\/\\\/medicalwincrange.lu\\\/prescription-medicale\\\/\",\"url\":\"https:\\\/\\\/medicalwincrange.lu\\\/prescription-medicale\\\/\",\"name\":\"Prescription M\u00e9dicale - M\u00e9dical Wincrange \u00ae\",\"isPartOf\":{\"@id\":\"https:\\\/\\\/medicalwincrange.lu\\\/#website\"},\"primaryImageOfPage\":{\"@id\":\"https:\\\/\\\/medicalwincrange.lu\\\/prescription-medicale\\\/#primaryimage\"},\"image\":{\"@id\":\"https:\\\/\\\/medicalwincrange.lu\\\/prescription-medicale\\\/#primaryimage\"},\"thumbnailUrl\":\"https:\\\/\\\/medicalwincrange.lu\\\/wp-content\\\/uploads\\\/2024\\\/03\\\/58a19773-568d-438b-85ce-221a80942182.jpeg\",\"datePublished\":\"2024-03-29T09:16:54+00:00\",\"dateModified\":\"2025-11-03T20:11:44+00:00\",\"description\":\"Bienvenue sur notre page de Prescription M\u00e9dicale. Cette section est d\u00e9di\u00e9e \u00e0 vous fournir toutes les informations n\u00e9cessaires concernant vos prescriptions m\u00e9dicales.\",\"breadcrumb\":{\"@id\":\"https:\\\/\\\/medicalwincrange.lu\\\/prescription-medicale\\\/#breadcrumb\"},\"inLanguage\":\"pt-PT\",\"potentialAction\":[{\"@type\":\"ReadAction\",\"target\":[\"https:\\\/\\\/medicalwincrange.lu\\\/prescription-medicale\\\/\"]}]},{\"@type\":\"ImageObject\",\"inLanguage\":\"pt-PT\",\"@id\":\"https:\\\/\\\/medicalwincrange.lu\\\/prescription-medicale\\\/#primaryimage\",\"url\":\"https:\\\/\\\/medicalwincrange.lu\\\/wp-content\\\/uploads\\\/2024\\\/03\\\/58a19773-568d-438b-85ce-221a80942182.jpeg\",\"contentUrl\":\"https:\\\/\\\/medicalwincrange.lu\\\/wp-content\\\/uploads\\\/2024\\\/03\\\/58a19773-568d-438b-85ce-221a80942182.jpeg\",\"width\":1600,\"height\":1066,\"caption\":\"M\u00e9dical Wincrange Exam3\"},{\"@type\":\"BreadcrumbList\",\"@id\":\"https:\\\/\\\/medicalwincrange.lu\\\/prescription-medicale\\\/#breadcrumb\",\"itemListElement\":[{\"@type\":\"ListItem\",\"position\":1,\"name\":\"In\u00edcio\",\"item\":\"https:\\\/\\\/medicalwincrange.lu\\\/\"},{\"@type\":\"ListItem\",\"position\":2,\"name\":\"Prescription M\u00e9dicale\"}]},{\"@type\":\"WebSite\",\"@id\":\"https:\\\/\\\/medicalwincrange.lu\\\/#website\",\"url\":\"https:\\\/\\\/medicalwincrange.lu\\\/\",\"name\":\"M\u00e9dical Wincrange \u00ae\",\"description\":\"\",\"publisher\":{\"@id\":\"https:\\\/\\\/medicalwincrange.lu\\\/#organization\"},\"potentialAction\":[{\"@type\":\"SearchAction\",\"target\":{\"@type\":\"EntryPoint\",\"urlTemplate\":\"https:\\\/\\\/medicalwincrange.lu\\\/?s={search_term_string}\"},\"query-input\":{\"@type\":\"PropertyValueSpecification\",\"valueRequired\":true,\"valueName\":\"search_term_string\"}}],\"inLanguage\":\"pt-PT\"},{\"@type\":\"Organization\",\"@id\":\"https:\\\/\\\/medicalwincrange.lu\\\/#organization\",\"name\":\"M\u00e9dical Wincrange \u00ae\",\"url\":\"https:\\\/\\\/medicalwincrange.lu\\\/\",\"logo\":{\"@type\":\"ImageObject\",\"inLanguage\":\"pt-PT\",\"@id\":\"https:\\\/\\\/medicalwincrange.lu\\\/#\\\/schema\\\/logo\\\/image\\\/\",\"url\":\"https:\\\/\\\/medicalwincrange.lu\\\/wp-content\\\/uploads\\\/2024\\\/02\\\/Logo-5.png\",\"contentUrl\":\"https:\\\/\\\/medicalwincrange.lu\\\/wp-content\\\/uploads\\\/2024\\\/02\\\/Logo-5.png\",\"width\":4199,\"height\":834,\"caption\":\"M\u00e9dical Wincrange \u00ae\"},\"image\":{\"@id\":\"https:\\\/\\\/medicalwincrange.lu\\\/#\\\/schema\\\/logo\\\/image\\\/\"}}]}<\/script>\n<!-- \/ Yoast SEO plugin. -->","yoast_head_json":{"title":"Prescription M\u00e9dicale - M\u00e9dical Wincrange \u00ae","description":"Bienvenue sur notre page de Prescription M\u00e9dicale. Cette section est d\u00e9di\u00e9e \u00e0 vous fournir toutes les informations n\u00e9cessaires concernant vos prescriptions m\u00e9dicales.","robots":{"index":"index","follow":"follow","max-snippet":"max-snippet:-1","max-image-preview":"max-image-preview:large","max-video-preview":"max-video-preview:-1"},"canonical":"https:\/\/medicalwincrange.lu\/pt\/prescription-medicale\/","og_locale":"pt_PT","og_type":"article","og_title":"Prescription M\u00e9dicale - M\u00e9dical Wincrange \u00ae","og_description":"Bienvenue sur notre page de Prescription M\u00e9dicale. Cette section est d\u00e9di\u00e9e \u00e0 vous fournir toutes les informations n\u00e9cessaires concernant vos prescriptions m\u00e9dicales.","og_url":"https:\/\/medicalwincrange.lu\/pt\/prescription-medicale\/","og_site_name":"M\u00e9dical Wincrange \u00ae","article_modified_time":"2025-11-03T20:11:44+00:00","og_image":[{"width":1600,"height":1066,"url":"https:\/\/medicalwincrange.lu\/wp-content\/uploads\/2024\/03\/58a19773-568d-438b-85ce-221a80942182.jpeg","type":"image\/jpeg"}],"twitter_card":"summary_large_image","twitter_misc":{"Tempo estimado de leitura":"1 minuto"},"schema":{"@context":"https:\/\/schema.org","@graph":[{"@type":"WebPage","@id":"https:\/\/medicalwincrange.lu\/prescription-medicale\/","url":"https:\/\/medicalwincrange.lu\/prescription-medicale\/","name":"Prescription M\u00e9dicale - M\u00e9dical Wincrange \u00ae","isPartOf":{"@id":"https:\/\/medicalwincrange.lu\/#website"},"primaryImageOfPage":{"@id":"https:\/\/medicalwincrange.lu\/prescription-medicale\/#primaryimage"},"image":{"@id":"https:\/\/medicalwincrange.lu\/prescription-medicale\/#primaryimage"},"thumbnailUrl":"https:\/\/medicalwincrange.lu\/wp-content\/uploads\/2024\/03\/58a19773-568d-438b-85ce-221a80942182.jpeg","datePublished":"2024-03-29T09:16:54+00:00","dateModified":"2025-11-03T20:11:44+00:00","description":"Bienvenue sur notre page de Prescription M\u00e9dicale. Cette section est d\u00e9di\u00e9e \u00e0 vous fournir toutes les informations n\u00e9cessaires concernant vos prescriptions m\u00e9dicales.","breadcrumb":{"@id":"https:\/\/medicalwincrange.lu\/prescription-medicale\/#breadcrumb"},"inLanguage":"pt-PT","potentialAction":[{"@type":"ReadAction","target":["https:\/\/medicalwincrange.lu\/prescription-medicale\/"]}]},{"@type":"ImageObject","inLanguage":"pt-PT","@id":"https:\/\/medicalwincrange.lu\/prescription-medicale\/#primaryimage","url":"https:\/\/medicalwincrange.lu\/wp-content\/uploads\/2024\/03\/58a19773-568d-438b-85ce-221a80942182.jpeg","contentUrl":"https:\/\/medicalwincrange.lu\/wp-content\/uploads\/2024\/03\/58a19773-568d-438b-85ce-221a80942182.jpeg","width":1600,"height":1066,"caption":"M\u00e9dical Wincrange Exam3"},{"@type":"BreadcrumbList","@id":"https:\/\/medicalwincrange.lu\/prescription-medicale\/#breadcrumb","itemListElement":[{"@type":"ListItem","position":1,"name":"In\u00edcio","item":"https:\/\/medicalwincrange.lu\/"},{"@type":"ListItem","position":2,"name":"Prescription M\u00e9dicale"}]},{"@type":"WebSite","@id":"https:\/\/medicalwincrange.lu\/#website","url":"https:\/\/medicalwincrange.lu\/","name":"M\u00e9dical Wincrange \u00ae","description":"","publisher":{"@id":"https:\/\/medicalwincrange.lu\/#organization"},"potentialAction":[{"@type":"SearchAction","target":{"@type":"EntryPoint","urlTemplate":"https:\/\/medicalwincrange.lu\/?s={search_term_string}"},"query-input":{"@type":"PropertyValueSpecification","valueRequired":true,"valueName":"search_term_string"}}],"inLanguage":"pt-PT"},{"@type":"Organization","@id":"https:\/\/medicalwincrange.lu\/#organization","name":"M\u00e9dical Wincrange \u00ae","url":"https:\/\/medicalwincrange.lu\/","logo":{"@type":"ImageObject","inLanguage":"pt-PT","@id":"https:\/\/medicalwincrange.lu\/#\/schema\/logo\/image\/","url":"https:\/\/medicalwincrange.lu\/wp-content\/uploads\/2024\/02\/Logo-5.png","contentUrl":"https:\/\/medicalwincrange.lu\/wp-content\/uploads\/2024\/02\/Logo-5.png","width":4199,"height":834,"caption":"M\u00e9dical Wincrange \u00ae"},"image":{"@id":"https:\/\/medicalwincrange.lu\/#\/schema\/logo\/image\/"}}]}},"_links":{"self":[{"href":"https:\/\/medicalwincrange.lu\/pt\/wp-json\/wp\/v2\/pages\/375","targetHints":{"allow":["GET"]}}],"collection":[{"href":"https:\/\/medicalwincrange.lu\/pt\/wp-json\/wp\/v2\/pages"}],"about":[{"href":"https:\/\/medicalwincrange.lu\/pt\/wp-json\/wp\/v2\/types\/page"}],"author":[{"embeddable":true,"href":"https:\/\/medicalwincrange.lu\/pt\/wp-json\/wp\/v2\/users\/1"}],"replies":[{"embeddable":true,"href":"https:\/\/medicalwincrange.lu\/pt\/wp-json\/wp\/v2\/comments?post=375"}],"version-history":[{"count":68,"href":"https:\/\/medicalwincrange.lu\/pt\/wp-json\/wp\/v2\/pages\/375\/revisions"}],"predecessor-version":[{"id":1030,"href":"https:\/\/medicalwincrange.lu\/pt\/wp-json\/wp\/v2\/pages\/375\/revisions\/1030"}],"wp:featuredmedia":[{"embeddable":true,"href":"https:\/\/medicalwincrange.lu\/pt\/wp-json\/wp\/v2\/media\/363"}],"wp:attachment":[{"href":"https:\/\/medicalwincrange.lu\/pt\/wp-json\/wp\/v2\/media?parent=375"}],"curies":[{"name":"wp","href":"https:\/\/api.w.org\/{rel}","templated":true}]}}