{"id":693,"date":"2024-05-14T12:23:33","date_gmt":"2024-05-14T12:23:33","guid":{"rendered":"https:\/\/medicalwincrange.lu\/?page_id=693"},"modified":"2024-05-18T14:31:04","modified_gmt":"2024-05-18T14:31:04","slug":"prenez-rendez-vous","status":"publish","type":"page","link":"https:\/\/medicalwincrange.lu\/pt\/prenez-rendez-vous\/","title":{"rendered":"Marque uma consulta"},"content":{"rendered":"<div data-elementor-type=\"wp-page\" data-elementor-id=\"693\" class=\"elementor elementor-693\" data-elementor-post-type=\"page\">\n\t\t\t\t\t\t<section class=\"elementor-section elementor-top-section elementor-element elementor-element-4c027e6 elementor-section-height-min-height elementor-section-boxed elementor-section-height-default elementor-section-items-middle\" data-id=\"4c027e6\" data-element_type=\"section\" data-e-type=\"section\" data-settings=\"{&quot;background_background&quot;:&quot;classic&quot;}\">\n\t\t\t\t\t\t\t<div class=\"elementor-background-overlay\"><\/div>\n\t\t\t\t\t\t\t<div class=\"elementor-container elementor-column-gap-default\">\n\t\t\t\t\t<div class=\"elementor-column elementor-col-100 elementor-top-column elementor-element elementor-element-905c76a\" data-id=\"905c76a\" data-element_type=\"column\" data-e-type=\"column\">\n\t\t\t<div class=\"elementor-widget-wrap elementor-element-populated\">\n\t\t\t\t\t\t<div class=\"elementor-element elementor-element-792a254 elementor-widget elementor-widget-heading\" data-id=\"792a254\" data-element_type=\"widget\" data-e-type=\"widget\" data-widget_type=\"heading.default\">\n\t\t\t\t<div class=\"elementor-widget-container\">\n\t\t\t\t\t<h1 class=\"elementor-heading-title elementor-size-default\">Marque uma consulta<\/h1>\t\t\t\t<\/div>\n\t\t\t\t<\/div>\n\t\t\t\t\t<\/div>\n\t\t<\/div>\n\t\t\t\t\t<\/div>\n\t\t<\/section>\n\t\t<div class=\"elementor-element elementor-element-49ca734 e-flex e-con-boxed e-con e-parent\" data-id=\"49ca734\" data-element_type=\"container\" data-e-type=\"container\">\n\t\t\t\t\t<div class=\"e-con-inner\">\n\t\t\t\t<div class=\"elementor-element elementor-element-f05ee8c elementor-widget elementor-widget-heading\" data-id=\"f05ee8c\" data-element_type=\"widget\" data-e-type=\"widget\" data-widget_type=\"heading.default\">\n\t\t\t\t<div class=\"elementor-widget-container\">\n\t\t\t\t\t<h2 class=\"elementor-heading-title elementor-size-default\">Dr. Pinto Carla<\/h2>\t\t\t\t<\/div>\n\t\t\t\t<\/div>\n\t\t\t\t<div class=\"elementor-element elementor-element-92b644f elementor-widget elementor-widget-html\" data-id=\"92b644f\" data-element_type=\"widget\" data-e-type=\"widget\" data-widget_type=\"html.default\">\n\t\t\t\t<div class=\"elementor-widget-container\">\n\t\t\t\t\t  <section data-toggle=\"doc-calendar\" data-picture=\"1\" data-doctor-eid=\"6ab983a2-5fba-4248-96ca-a6de08f12253\" data-language=\"fr\"> <\/section>\r\n        <script src=\"https:\/\/api.doctena.lu\/js\/widgetBooking\/calendar\/build.php\"><\/script>\t\t\t\t<\/div>\n\t\t\t\t<\/div>\n\t\t\t\t\t<\/div>\n\t\t\t\t<\/div>\n\t\t<div class=\"elementor-element elementor-element-538b9b3 e-flex e-con-boxed e-con e-parent\" data-id=\"538b9b3\" data-element_type=\"container\" data-e-type=\"container\">\n\t\t\t\t\t<div class=\"e-con-inner\">\n\t\t\t\t<div class=\"elementor-element elementor-element-d97ccd1 elementor-widget elementor-widget-heading\" data-id=\"d97ccd1\" data-element_type=\"widget\" data-e-type=\"widget\" data-widget_type=\"heading.default\">\n\t\t\t\t<div class=\"elementor-widget-container\">\n\t\t\t\t\t<h2 class=\"elementor-heading-title elementor-size-default\">Dr. Kohnen Isabelle<\/h2>\t\t\t\t<\/div>\n\t\t\t\t<\/div>\n\t\t\t\t<div class=\"elementor-element elementor-element-74ac3df elementor-widget elementor-widget-html\" data-id=\"74ac3df\" data-element_type=\"widget\" data-e-type=\"widget\" data-widget_type=\"html.default\">\n\t\t\t\t<div class=\"elementor-widget-container\">\n\t\t\t\t\t<section data-toggle=\"doc-calendar\" data-picture=\"1\" data-doctor-eid=\"f29356b9-c517-4019-909c-d839884800e2\" data-language=\"fr\"> <\/section>\r\n        <script src=\"https:\/\/api.doctena.lu\/js\/widgetBooking\/calendar\/build.php\"><\/script> \t\t\t\t<\/div>\n\t\t\t\t<\/div>\n\t\t\t\t\t<\/div>\n\t\t\t\t<\/div>\n\t\t\t\t<\/div>","protected":false},"excerpt":{"rendered":"<p>Prenez rendez-vous Dr. Pinto Carla Dr. Kohnen Isabelle<\/p>","protected":false},"author":1,"featured_media":0,"parent":0,"menu_order":0,"comment_status":"closed","ping_status":"closed","template":"","meta":{"footnotes":""},"class_list":["post-693","page","type-page","status-publish","hentry"],"yoast_head":"<!-- This site is optimized with the Yoast SEO plugin v27.3 - https:\/\/yoast.com\/product\/yoast-seo-wordpress\/ -->\n<title>Prenez rendez-vous - M\u00e9dical Wincrange \u00ae<\/title>\n<meta name=\"description\" content=\"Bienvenue sur notre page de prise de rendez-vous. Ici, vous pouvez facilement planifier une rencontre avec notre \u00e9quipe pour discuter de vos besoins sp\u00e9cifiques, poser des questions ou obtenir des conseils personnalis\u00e9s. Nous nous engageons \u00e0 vous offrir une exp\u00e9rience pratique et efficace.\" \/>\n<meta name=\"robots\" content=\"index, follow, max-snippet:-1, max-image-preview:large, max-video-preview:-1\" \/>\n<link rel=\"canonical\" href=\"https:\/\/medicalwincrange.lu\/pt\/prenez-rendez-vous\/\" \/>\n<meta property=\"og:locale\" content=\"pt_PT\" \/>\n<meta property=\"og:type\" content=\"article\" \/>\n<meta property=\"og:title\" content=\"Prenez rendez-vous - M\u00e9dical Wincrange \u00ae\" \/>\n<meta property=\"og:description\" content=\"Bienvenue sur notre page de prise de rendez-vous. Ici, vous pouvez facilement planifier une rencontre avec notre \u00e9quipe pour discuter de vos besoins sp\u00e9cifiques, poser des questions ou obtenir des conseils personnalis\u00e9s. Nous nous engageons \u00e0 vous offrir une exp\u00e9rience pratique et efficace.\" \/>\n<meta property=\"og:url\" content=\"https:\/\/medicalwincrange.lu\/pt\/prenez-rendez-vous\/\" \/>\n<meta property=\"og:site_name\" content=\"M\u00e9dical Wincrange \u00ae\" \/>\n<meta property=\"article:modified_time\" content=\"2024-05-18T14:31:04+00:00\" \/>\n<meta property=\"og:image\" content=\"https:\/\/medicalwincrange.lu\/wp-content\/uploads\/2024\/05\/cropped-FAVICON1.png\" \/>\n\t<meta property=\"og:image:width\" content=\"512\" \/>\n\t<meta property=\"og:image:height\" content=\"512\" \/>\n\t<meta property=\"og:image:type\" content=\"image\/png\" \/>\n<meta name=\"twitter:card\" content=\"summary_large_image\" \/>\n<meta name=\"twitter:label1\" content=\"Tempo estimado de leitura\" \/>\n\t<meta name=\"twitter:data1\" content=\"1 minuto\" \/>\n<script type=\"application\/ld+json\" class=\"yoast-schema-graph\">{\"@context\":\"https:\\\/\\\/schema.org\",\"@graph\":[{\"@type\":\"WebPage\",\"@id\":\"https:\\\/\\\/medicalwincrange.lu\\\/prenez-rendez-vous\\\/\",\"url\":\"https:\\\/\\\/medicalwincrange.lu\\\/prenez-rendez-vous\\\/\",\"name\":\"Prenez rendez-vous - M\u00e9dical Wincrange \u00ae\",\"isPartOf\":{\"@id\":\"https:\\\/\\\/medicalwincrange.lu\\\/#website\"},\"datePublished\":\"2024-05-14T12:23:33+00:00\",\"dateModified\":\"2024-05-18T14:31:04+00:00\",\"description\":\"Bienvenue sur notre page de prise de rendez-vous. Ici, vous pouvez facilement planifier une rencontre avec notre \u00e9quipe pour discuter de vos besoins sp\u00e9cifiques, poser des questions ou obtenir des conseils personnalis\u00e9s. Nous nous engageons \u00e0 vous offrir une exp\u00e9rience pratique et efficace.\",\"breadcrumb\":{\"@id\":\"https:\\\/\\\/medicalwincrange.lu\\\/prenez-rendez-vous\\\/#breadcrumb\"},\"inLanguage\":\"pt-PT\",\"potentialAction\":[{\"@type\":\"ReadAction\",\"target\":[\"https:\\\/\\\/medicalwincrange.lu\\\/prenez-rendez-vous\\\/\"]}]},{\"@type\":\"BreadcrumbList\",\"@id\":\"https:\\\/\\\/medicalwincrange.lu\\\/prenez-rendez-vous\\\/#breadcrumb\",\"itemListElement\":[{\"@type\":\"ListItem\",\"position\":1,\"name\":\"In\u00edcio\",\"item\":\"https:\\\/\\\/medicalwincrange.lu\\\/\"},{\"@type\":\"ListItem\",\"position\":2,\"name\":\"Prenez rendez-vous\"}]},{\"@type\":\"WebSite\",\"@id\":\"https:\\\/\\\/medicalwincrange.lu\\\/#website\",\"url\":\"https:\\\/\\\/medicalwincrange.lu\\\/\",\"name\":\"M\u00e9dical Wincrange \u00ae\",\"description\":\"\",\"publisher\":{\"@id\":\"https:\\\/\\\/medicalwincrange.lu\\\/#organization\"},\"potentialAction\":[{\"@type\":\"SearchAction\",\"target\":{\"@type\":\"EntryPoint\",\"urlTemplate\":\"https:\\\/\\\/medicalwincrange.lu\\\/?s={search_term_string}\"},\"query-input\":{\"@type\":\"PropertyValueSpecification\",\"valueRequired\":true,\"valueName\":\"search_term_string\"}}],\"inLanguage\":\"pt-PT\"},{\"@type\":\"Organization\",\"@id\":\"https:\\\/\\\/medicalwincrange.lu\\\/#organization\",\"name\":\"M\u00e9dical Wincrange \u00ae\",\"url\":\"https:\\\/\\\/medicalwincrange.lu\\\/\",\"logo\":{\"@type\":\"ImageObject\",\"inLanguage\":\"pt-PT\",\"@id\":\"https:\\\/\\\/medicalwincrange.lu\\\/#\\\/schema\\\/logo\\\/image\\\/\",\"url\":\"https:\\\/\\\/medicalwincrange.lu\\\/wp-content\\\/uploads\\\/2024\\\/02\\\/Logo-5.png\",\"contentUrl\":\"https:\\\/\\\/medicalwincrange.lu\\\/wp-content\\\/uploads\\\/2024\\\/02\\\/Logo-5.png\",\"width\":4199,\"height\":834,\"caption\":\"M\u00e9dical Wincrange \u00ae\"},\"image\":{\"@id\":\"https:\\\/\\\/medicalwincrange.lu\\\/#\\\/schema\\\/logo\\\/image\\\/\"}}]}<\/script>\n<!-- \/ Yoast SEO plugin. -->","yoast_head_json":{"title":"Prenez rendez-vous - M\u00e9dical Wincrange \u00ae","description":"Bienvenue sur notre page de prise de rendez-vous. Ici, vous pouvez facilement planifier une rencontre avec notre \u00e9quipe pour discuter de vos besoins sp\u00e9cifiques, poser des questions ou obtenir des conseils personnalis\u00e9s. Nous nous engageons \u00e0 vous offrir une exp\u00e9rience pratique et efficace.","robots":{"index":"index","follow":"follow","max-snippet":"max-snippet:-1","max-image-preview":"max-image-preview:large","max-video-preview":"max-video-preview:-1"},"canonical":"https:\/\/medicalwincrange.lu\/pt\/prenez-rendez-vous\/","og_locale":"pt_PT","og_type":"article","og_title":"Prenez rendez-vous - M\u00e9dical Wincrange \u00ae","og_description":"Bienvenue sur notre page de prise de rendez-vous. Ici, vous pouvez facilement planifier une rencontre avec notre \u00e9quipe pour discuter de vos besoins sp\u00e9cifiques, poser des questions ou obtenir des conseils personnalis\u00e9s. Nous nous engageons \u00e0 vous offrir une exp\u00e9rience pratique et efficace.","og_url":"https:\/\/medicalwincrange.lu\/pt\/prenez-rendez-vous\/","og_site_name":"M\u00e9dical Wincrange \u00ae","article_modified_time":"2024-05-18T14:31:04+00:00","og_image":[{"width":512,"height":512,"url":"https:\/\/medicalwincrange.lu\/wp-content\/uploads\/2024\/05\/cropped-FAVICON1.png","type":"image\/png"}],"twitter_card":"summary_large_image","twitter_misc":{"Tempo estimado de leitura":"1 minuto"},"schema":{"@context":"https:\/\/schema.org","@graph":[{"@type":"WebPage","@id":"https:\/\/medicalwincrange.lu\/prenez-rendez-vous\/","url":"https:\/\/medicalwincrange.lu\/prenez-rendez-vous\/","name":"Prenez rendez-vous - M\u00e9dical Wincrange \u00ae","isPartOf":{"@id":"https:\/\/medicalwincrange.lu\/#website"},"datePublished":"2024-05-14T12:23:33+00:00","dateModified":"2024-05-18T14:31:04+00:00","description":"Bienvenue sur notre page de prise de rendez-vous. Ici, vous pouvez facilement planifier une rencontre avec notre \u00e9quipe pour discuter de vos besoins sp\u00e9cifiques, poser des questions ou obtenir des conseils personnalis\u00e9s. Nous nous engageons \u00e0 vous offrir une exp\u00e9rience pratique et efficace.","breadcrumb":{"@id":"https:\/\/medicalwincrange.lu\/prenez-rendez-vous\/#breadcrumb"},"inLanguage":"pt-PT","potentialAction":[{"@type":"ReadAction","target":["https:\/\/medicalwincrange.lu\/prenez-rendez-vous\/"]}]},{"@type":"BreadcrumbList","@id":"https:\/\/medicalwincrange.lu\/prenez-rendez-vous\/#breadcrumb","itemListElement":[{"@type":"ListItem","position":1,"name":"In\u00edcio","item":"https:\/\/medicalwincrange.lu\/"},{"@type":"ListItem","position":2,"name":"Prenez rendez-vous"}]},{"@type":"WebSite","@id":"https:\/\/medicalwincrange.lu\/#website","url":"https:\/\/medicalwincrange.lu\/","name":"M\u00e9dical Wincrange \u00ae","description":"","publisher":{"@id":"https:\/\/medicalwincrange.lu\/#organization"},"potentialAction":[{"@type":"SearchAction","target":{"@type":"EntryPoint","urlTemplate":"https:\/\/medicalwincrange.lu\/?s={search_term_string}"},"query-input":{"@type":"PropertyValueSpecification","valueRequired":true,"valueName":"search_term_string"}}],"inLanguage":"pt-PT"},{"@type":"Organization","@id":"https:\/\/medicalwincrange.lu\/#organization","name":"M\u00e9dical Wincrange \u00ae","url":"https:\/\/medicalwincrange.lu\/","logo":{"@type":"ImageObject","inLanguage":"pt-PT","@id":"https:\/\/medicalwincrange.lu\/#\/schema\/logo\/image\/","url":"https:\/\/medicalwincrange.lu\/wp-content\/uploads\/2024\/02\/Logo-5.png","contentUrl":"https:\/\/medicalwincrange.lu\/wp-content\/uploads\/2024\/02\/Logo-5.png","width":4199,"height":834,"caption":"M\u00e9dical Wincrange \u00ae"},"image":{"@id":"https:\/\/medicalwincrange.lu\/#\/schema\/logo\/image\/"}}]}},"_links":{"self":[{"href":"https:\/\/medicalwincrange.lu\/pt\/wp-json\/wp\/v2\/pages\/693","targetHints":{"allow":["GET"]}}],"collection":[{"href":"https:\/\/medicalwincrange.lu\/pt\/wp-json\/wp\/v2\/pages"}],"about":[{"href":"https:\/\/medicalwincrange.lu\/pt\/wp-json\/wp\/v2\/types\/page"}],"author":[{"embeddable":true,"href":"https:\/\/medicalwincrange.lu\/pt\/wp-json\/wp\/v2\/users\/1"}],"replies":[{"embeddable":true,"href":"https:\/\/medicalwincrange.lu\/pt\/wp-json\/wp\/v2\/comments?post=693"}],"version-history":[{"count":7,"href":"https:\/\/medicalwincrange.lu\/pt\/wp-json\/wp\/v2\/pages\/693\/revisions"}],"predecessor-version":[{"id":734,"href":"https:\/\/medicalwincrange.lu\/pt\/wp-json\/wp\/v2\/pages\/693\/revisions\/734"}],"wp:attachment":[{"href":"https:\/\/medicalwincrange.lu\/pt\/wp-json\/wp\/v2\/media?parent=693"}],"curies":[{"name":"wp","href":"https:\/\/api.w.org\/{rel}","templated":true}]}}